{"id":338,"date":"2022-07-28T13:59:49","date_gmt":"2022-07-28T06:59:49","guid":{"rendered":"\/lien-he\/"},"modified":"2024-01-17T14:37:07","modified_gmt":"2024-01-17T07:37:07","slug":"gioi-thieu","status":"publish","type":"page","link":"https:\/\/scon.com.vn\/vi\/gioi-thieu\/","title":{"rendered":"Gi\u1edbi thi\u1ec7u"},"content":{"rendered":"\t<section class=\"section\" id=\"section_12039756\">\n\t\t<div class=\"bg section-bg fill bg-fill bg-loaded bg-loaded\" >\n\n\t\t\t\n\t\t\t\n\t\t\t\n\n\t\t<\/div>\n\n\t\t\n\n\t\t<div class=\"section-content relative\">\n\t\t\t\n\n<div class=\"row\"  id=\"row-1633587027\">\n\n\n\t<div id=\"col-151716266\" class=\"col small-12 large-12\"  >\n\t\t\t\t<div class=\"col-inner text-center\"  >\n\t\t\t\n\t\t\t\n\n\t<div class=\"img has-hover x md-x lg-x y md-y lg-y\" id=\"image_1523563167\">\n\t\t\t\t\t\t\t\t<div class=\"img-inner dark\" >\n\t\t\t<img loading=\"lazy\" decoding=\"async\" width=\"1960\" height=\"622\" src=\"https:\/\/scon.com.vn\/wp-content\/uploads\/2024\/06\/SCON.png\" class=\"attachment-large size-large\" alt=\"\" srcset=\"https:\/\/scon.com.vn\/wp-content\/uploads\/2024\/06\/SCON.png 1960w, https:\/\/scon.com.vn\/wp-content\/uploads\/2024\/06\/SCON-768x244.png 768w, https:\/\/scon.com.vn\/wp-content\/uploads\/2024\/06\/SCON-1536x487.png 1536w, https:\/\/scon.com.vn\/wp-content\/uploads\/2024\/06\/SCON-510x162.png 510w\" sizes=\"auto, (max-width: 1960px) 100vw, 1960px\" \/>\t\t\t\t\t\t\n\t\t\t\t\t<\/div>\n\t\t\t\t\t\t\t\t\n<style>\n#image_1523563167 {\n  width: 100%;\n}\n<\/style>\n\t<\/div>\n\t\n\n\n\t\t<\/div>\n\t\t\t\t\t<\/div>\n\n\t\n\n<\/div>\n<div class=\"row\"  id=\"row-863208456\">\n\n\n\t<div id=\"col-400540612\" class=\"col small-12 large-12 medium-col-first\"  >\n\t\t\t\t<div class=\"col-inner\"  >\n\t\t\t\n\t\t\t\n\n\t<div id=\"text-20781285\" class=\"text\">\n\t\t\n\n<\/p>\n<ul>\n<li class=\"bullet-arrow\">\n<h5><span data-text-color=\"secondary\">S<\/span>pecialized in Fiber Optics<\/h5>\n<\/li>\n<li class=\"bullet-arrow\">\n<h5><span data-text-color=\"secondary\">S<\/span>uperior Quality<\/h5>\n<\/li>\n<li class=\"bullet-arrow\">\n<h5><span data-text-color=\"secondary\">S<\/span>ecured Connection<\/h5>\n<\/li>\n<li class=\"bullet-arrow\">\n<h5><span data-text-color=\"secondary\">S<\/span>uited for All Settings<\/h5>\n<\/li>\n<\/ul>\n<p>\n\t\t\n<style>\n#text-20781285 {\n  font-size: 1rem;\n  line-height: 1.5;\n  color: rgb(0, 0, 0);\n}\n#text-20781285 > * {\n  color: rgb(0, 0, 0);\n}\n@media (min-width:850px) {\n  #text-20781285 {\n    font-size: 1.4rem;\n  }\n}\n<\/style>\n\t<\/div>\n\t\n\t<div id=\"text-3564053070\" class=\"text\">\n\t\t\n\n<p style=\"text-align: left;\">\u0110\u01a1n vi\u0323 chuy\u00ean sa\u0309n xu\u00e2\u0301t cung c\u00e2\u0301p thi\u00ea\u0301t bi\u0323 truy\u00ea\u0300n th\u00f4ng \u0111\u00e2\u0300u n\u00f4\u0301i ca\u0301p quang v\u00e0 h\u1ed9p m\u0103ng x\u00f4ng quang da\u0300nh cho\u00a0 vi\u00ea\u0303n th\u00f4ng ta\u0323i Vi\u00ea\u0323t Nam (\u0110\u01b0\u01a1\u0323c tha\u0300nh l\u00e2\u0323p t\u1eeb n\u0103m 2016) b\u01a1\u0309i\u00a0 C\u00f4ng ty TNHH A.J. World, Ha\u0300n Qu\u00f4\u0301c. La\u0300 nh\u00e0 sa\u0309n xu\u00e2\u0301t \/cung c\u00e2\u0301p ca\u0301c sa\u0309n ph\u00e2\u0309m \u0111\u00e2\u0300u n\u00f4\u0301i quang OSP &amp; ISP \u0111\u00ea\u0301n t\u1eeb Ha\u0300n qu\u00f4\u0301c. SCON \u0111\u00e3 ti\u00ea\u0301n ha\u0300nh sa\u0309n xu\u00e2\u0301t \u0111\u00e2\u0300u n\u00f4\u0301i quang v\u00e0 h\u00f4\u0323p m\u0103ng x\u00f4ng quang \u0111\u00e2\u0300u ti\u00ean va\u0300o n\u0103m 2018, nh\u1eb1m m\u1ee5c \u0111\u00edch m\u01a1\u0309 r\u00f4\u0323ng n\u0103ng l\u01b0\u0323c c\u1ee7a m\u00ecnh trong thi\u0323 tr\u01b0\u1eddng vi\u00ea\u0303n th\u00f4ng \u0110\u00f4ng Nam \u00c1, \u0111\u00e3 \u0111\u0103\u0323t nh\u00e0 ma\u0301y sa\u0309n xu\u00e2\u0301t ta\u0323i B\u00ecnh D\u01b0\u01a1ng, Vi\u00ea\u0323t Nam.<\/p>\n<p style=\"text-align: left;\">SCON mang la\u0323i \u201cK\u00ea\u0301t n\u00f4\u0301i cu\u00f4\u0323c s\u00f4\u0301ng \u2013 K\u00ea\u0301t n\u00f4\u0301i t\u01b0\u01a1ng lai\u201d v\u01a1\u0301i k\u00ea\u0301t n\u00f4\u0301i an toa\u0300n ba\u0309o m\u00e2\u0323t ch\u00e2\u0301t l\u01b0\u01a1\u0323ng v\u01b0\u01a1\u0323t tr\u00f4\u0323i, ph\u00f9 h\u01a1\u0323p cho m\u1ecdi ca\u0300i \u0111\u0103\u0323t.<\/p>\n<p style=\"text-align: left;\">\u00a0<\/p>\n\t\t\n<style>\n#text-3564053070 {\n  font-size: 1.15rem;\n  text-align: center;\n  color: rgb(67, 67, 67);\n}\n#text-3564053070 > * {\n  color: rgb(67, 67, 67);\n}\n<\/style>\n\t<\/div>\n\t\n\n\t\t<\/div>\n\t\t\t\t\n<style>\n#col-400540612 > .col-inner {\n  padding: 19px 0px 0px 0px;\n  margin: 0px 0px 0px 0px;\n}\n@media (min-width:850px) {\n  #col-400540612 > .col-inner {\n    padding: 30px 0px 0px 0px;\n  }\n}\n<\/style>\n\t<\/div>\n\n\t\n\n<\/div>\n<div class=\"text-center\"><div class=\"is-divider divider clearfix\" style=\"max-width:200px;height:2px;\"><\/div><\/div>\n\n\n\t\t<\/div>\n\n\t\t\n<style>\n#section_12039756 {\n  padding-top: 0px;\n  padding-bottom: 0px;\n  min-height: 0px;\n}\n<\/style>\n\t<\/section>\n\t\n\t<section class=\"section\" id=\"section_580215550\">\n\t\t<div class=\"bg section-bg fill bg-fill bg-loaded bg-loaded\" >\n\n\t\t\t\n\t\t\t\n\t\t\t\n\n\t\t<\/div>\n\n\t\t\n\n\t\t<div class=\"section-content relative\">\n\t\t\t\n\n<div class=\"row\"  id=\"row-401844456\">\n\n\n\t<div id=\"col-488886507\" class=\"col small-12 large-12\"  >\n\t\t\t\t<div class=\"col-inner\"  >\n\t\t\t\n\t\t\t\n\n\t<div id=\"text-4084879046\" class=\"text\">\n\t\t\n\n<\/p>\n<p><strong>Partners<\/strong><\/p>\n<p>\n\t\t\n<style>\n#text-4084879046 {\n  font-size: 1.45rem;\n  text-align: center;\n}\n<\/style>\n\t<\/div>\n\t\n\t<div class=\"box has-hover   has-hover box-text-bottom\" >\n\n\t\t<div class=\"box-image\" style=\"width:59%;\">\n\t\t\t\t\t\t<div class=\"\" >\n\t\t\t\t<img decoding=\"async\" src=\"https:\/\/scon.com.vn\/wp-content\/uploads\/2022\/10\/partners-intro_logo.svg\" class=\"attachment- size-\" alt=\"\" \/>\t\t\t\t\t\t\t\t\t\t\t<\/div>\n\t\t\t\t\t<\/div>\n\n\t\t<div class=\"box-text text-center\" >\n\t\t\t<div class=\"box-text-inner\">\n\t\t\t\t\n\n<\/p>\n<p>\n\n\t\t\t<\/div>\n\t\t<\/div>\n\t<\/div>\n\t\n\n\t\t<\/div>\n\t\t\t\t\t<\/div>\n\n\t\n<\/p>\n<p>\n\n<\/div>\n\n\t\t<\/div>\n\n\t\t\n<style>\n#section_580215550 {\n  padding-top: 20px;\n  padding-bottom: 20px;\n}\n@media (min-width:850px) {\n  #section_580215550 {\n    padding-top: 0px;\n    padding-bottom: 0px;\n  }\n}\n<\/style>\n\t<\/section>\n\t\n<\/p>\n","protected":false},"excerpt":{"rendered":"","protected":false},"author":2,"featured_media":0,"parent":0,"menu_order":0,"comment_status":"closed","ping_status":"closed","template":"","meta":{"footnotes":""},"class_list":["post-338","page","type-page","status-publish","hentry"],"yoast_head":"<!-- This site is optimized with the Yoast SEO plugin v27.1.1 - https:\/\/yoast.com\/product\/yoast-seo-wordpress\/ -->\n<title>Gi\u1edbi thi\u1ec7u - C\u00f4ng ty TNHH SCON - Fiber Optics<\/title>\n<meta name=\"description\" content=\"C\u00f4ng ty TNHH SCON chuy\u00ean v\u1ec1 s\u1ea3n xu\u1ea5t \u0111\u1ea7u n\u1ed1i c\u00e1p quang v\u00e0 h\u1ed9p quang. Tr\u1ee5 s\u1edf ch\u00ednh \u0111\u1eb7t t\u1ea1i H\u00e0n Qu\u1ed1c.\" \/>\n<meta name=\"robots\" content=\"index, follow, max-snippet:-1, max-image-preview:large, max-video-preview:-1\" \/>\n<link rel=\"canonical\" href=\"https:\/\/scon.com.vn\/vi\/gioi-thieu\/\" \/>\n<meta property=\"og:locale\" content=\"vi_VN\" \/>\n<meta property=\"og:type\" content=\"article\" \/>\n<meta property=\"og:title\" content=\"Gi\u1edbi thi\u1ec7u - C\u00f4ng ty TNHH SCON - Fiber Optics\" \/>\n<meta property=\"og:description\" content=\"C\u00f4ng ty TNHH SCON chuy\u00ean v\u1ec1 s\u1ea3n xu\u1ea5t \u0111\u1ea7u n\u1ed1i c\u00e1p quang v\u00e0 h\u1ed9p quang. Tr\u1ee5 s\u1edf ch\u00ednh \u0111\u1eb7t t\u1ea1i H\u00e0n Qu\u1ed1c.\" \/>\n<meta property=\"og:url\" content=\"https:\/\/scon.com.vn\/vi\/gioi-thieu\/\" \/>\n<meta property=\"og:site_name\" content=\"C\u00f4ng ty TNHH SCON - Fiber Optics\" \/>\n<meta property=\"article:publisher\" content=\"https:\/\/www.facebook.com\/scon.com.vn\" \/>\n<meta property=\"article:modified_time\" content=\"2024-01-17T07:37:07+00:00\" \/>\n<meta property=\"og:image\" content=\"https:\/\/scon.com.vn\/wp-content\/uploads\/2022\/11\/background-share-scon.png\" \/>\n\t<meta property=\"og:image:width\" content=\"1200\" \/>\n\t<meta property=\"og:image:height\" content=\"630\" \/>\n\t<meta property=\"og:image:type\" content=\"image\/png\" \/>\n<meta name=\"twitter:card\" content=\"summary_large_image\" \/>\n<meta name=\"twitter:label1\" content=\"\u01af\u1edbc t\u00ednh th\u1eddi gian \u0111\u1ecdc\" \/>\n\t<meta name=\"twitter:data1\" content=\"1 ph\u00fat\" \/>\n<script type=\"application\/ld+json\" class=\"yoast-schema-graph\">{\"@context\":\"https:\/\/schema.org\",\"@graph\":[{\"@type\":\"WebPage\",\"@id\":\"https:\/\/scon.com.vn\/vi\/gioi-thieu\/\",\"url\":\"https:\/\/scon.com.vn\/vi\/gioi-thieu\/\",\"name\":\"Gi\u1edbi thi\u1ec7u - C\u00f4ng ty TNHH SCON - Fiber Optics\",\"isPartOf\":{\"@id\":\"https:\/\/scon.com.vn\/vi\/#website\"},\"datePublished\":\"2022-07-28T06:59:49+00:00\",\"dateModified\":\"2024-01-17T07:37:07+00:00\",\"description\":\"C\u00f4ng ty TNHH SCON chuy\u00ean v\u1ec1 s\u1ea3n xu\u1ea5t \u0111\u1ea7u n\u1ed1i c\u00e1p quang v\u00e0 h\u1ed9p quang. Tr\u1ee5 s\u1edf ch\u00ednh \u0111\u1eb7t t\u1ea1i H\u00e0n Qu\u1ed1c.\",\"inLanguage\":\"vi\",\"potentialAction\":[{\"@type\":\"ReadAction\",\"target\":[\"https:\/\/scon.com.vn\/vi\/gioi-thieu\/\"]}]},{\"@type\":\"WebSite\",\"@id\":\"https:\/\/scon.com.vn\/vi\/#website\",\"url\":\"https:\/\/scon.com.vn\/vi\/\",\"name\":\"C\u00f4ng ty TNHH SCON - Fiber Optics\",\"description\":\"SCON\",\"publisher\":{\"@id\":\"https:\/\/scon.com.vn\/vi\/#organization\"},\"alternateName\":\"C\u00f4ng ty TNHH SCON - Fiber Optics\",\"potentialAction\":[{\"@type\":\"SearchAction\",\"target\":{\"@type\":\"EntryPoint\",\"urlTemplate\":\"https:\/\/scon.com.vn\/vi\/?s={search_term_string}\"},\"query-input\":{\"@type\":\"PropertyValueSpecification\",\"valueRequired\":true,\"valueName\":\"search_term_string\"}}],\"inLanguage\":\"vi\"},{\"@type\":\"Organization\",\"@id\":\"https:\/\/scon.com.vn\/vi\/#organization\",\"name\":\"C\u00f4ng ty TNHH SCON - Fiber Optics\",\"alternateName\":\"C\u00f4ng ty TNHH SCON - Fiber Optics\",\"url\":\"https:\/\/scon.com.vn\/vi\/\",\"logo\":{\"@type\":\"ImageObject\",\"inLanguage\":\"vi\",\"@id\":\"https:\/\/scon.com.vn\/vi\/#\/schema\/logo\/image\/\",\"url\":\"https:\/\/scon.com.vn\/wp-content\/uploads\/2022\/07\/scon-logo.svg\",\"contentUrl\":\"https:\/\/scon.com.vn\/wp-content\/uploads\/2022\/07\/scon-logo.svg\",\"width\":1,\"height\":1,\"caption\":\"C\u00f4ng ty TNHH SCON - Fiber Optics\"},\"image\":{\"@id\":\"https:\/\/scon.com.vn\/vi\/#\/schema\/logo\/image\/\"},\"sameAs\":[\"https:\/\/www.facebook.com\/scon.com.vn\"]}]}<\/script>\n<!-- \/ Yoast SEO plugin. -->","yoast_head_json":{"title":"Gi\u1edbi thi\u1ec7u - C\u00f4ng ty TNHH SCON - Fiber Optics","description":"C\u00f4ng ty TNHH SCON chuy\u00ean v\u1ec1 s\u1ea3n xu\u1ea5t \u0111\u1ea7u n\u1ed1i c\u00e1p quang v\u00e0 h\u1ed9p quang. Tr\u1ee5 s\u1edf ch\u00ednh \u0111\u1eb7t t\u1ea1i H\u00e0n Qu\u1ed1c.","robots":{"index":"index","follow":"follow","max-snippet":"max-snippet:-1","max-image-preview":"max-image-preview:large","max-video-preview":"max-video-preview:-1"},"canonical":"https:\/\/scon.com.vn\/vi\/gioi-thieu\/","og_locale":"vi_VN","og_type":"article","og_title":"Gi\u1edbi thi\u1ec7u - C\u00f4ng ty TNHH SCON - Fiber Optics","og_description":"C\u00f4ng ty TNHH SCON chuy\u00ean v\u1ec1 s\u1ea3n xu\u1ea5t \u0111\u1ea7u n\u1ed1i c\u00e1p quang v\u00e0 h\u1ed9p quang. Tr\u1ee5 s\u1edf ch\u00ednh \u0111\u1eb7t t\u1ea1i H\u00e0n Qu\u1ed1c.","og_url":"https:\/\/scon.com.vn\/vi\/gioi-thieu\/","og_site_name":"C\u00f4ng ty TNHH SCON - Fiber Optics","article_publisher":"https:\/\/www.facebook.com\/scon.com.vn","article_modified_time":"2024-01-17T07:37:07+00:00","og_image":[{"width":1200,"height":630,"url":"https:\/\/scon.com.vn\/wp-content\/uploads\/2022\/11\/background-share-scon.png","type":"image\/png"}],"twitter_card":"summary_large_image","twitter_misc":{"\u01af\u1edbc t\u00ednh th\u1eddi gian \u0111\u1ecdc":"1 ph\u00fat"},"schema":{"@context":"https:\/\/schema.org","@graph":[{"@type":"WebPage","@id":"https:\/\/scon.com.vn\/vi\/gioi-thieu\/","url":"https:\/\/scon.com.vn\/vi\/gioi-thieu\/","name":"Gi\u1edbi thi\u1ec7u - C\u00f4ng ty TNHH SCON - Fiber Optics","isPartOf":{"@id":"https:\/\/scon.com.vn\/vi\/#website"},"datePublished":"2022-07-28T06:59:49+00:00","dateModified":"2024-01-17T07:37:07+00:00","description":"C\u00f4ng ty TNHH SCON chuy\u00ean v\u1ec1 s\u1ea3n xu\u1ea5t \u0111\u1ea7u n\u1ed1i c\u00e1p quang v\u00e0 h\u1ed9p quang. Tr\u1ee5 s\u1edf ch\u00ednh \u0111\u1eb7t t\u1ea1i H\u00e0n Qu\u1ed1c.","inLanguage":"vi","potentialAction":[{"@type":"ReadAction","target":["https:\/\/scon.com.vn\/vi\/gioi-thieu\/"]}]},{"@type":"WebSite","@id":"https:\/\/scon.com.vn\/vi\/#website","url":"https:\/\/scon.com.vn\/vi\/","name":"C\u00f4ng ty TNHH SCON - Fiber Optics","description":"SCON","publisher":{"@id":"https:\/\/scon.com.vn\/vi\/#organization"},"alternateName":"C\u00f4ng ty TNHH SCON - Fiber Optics","potentialAction":[{"@type":"SearchAction","target":{"@type":"EntryPoint","urlTemplate":"https:\/\/scon.com.vn\/vi\/?s={search_term_string}"},"query-input":{"@type":"PropertyValueSpecification","valueRequired":true,"valueName":"search_term_string"}}],"inLanguage":"vi"},{"@type":"Organization","@id":"https:\/\/scon.com.vn\/vi\/#organization","name":"C\u00f4ng ty TNHH SCON - Fiber Optics","alternateName":"C\u00f4ng ty TNHH SCON - Fiber Optics","url":"https:\/\/scon.com.vn\/vi\/","logo":{"@type":"ImageObject","inLanguage":"vi","@id":"https:\/\/scon.com.vn\/vi\/#\/schema\/logo\/image\/","url":"https:\/\/scon.com.vn\/wp-content\/uploads\/2022\/07\/scon-logo.svg","contentUrl":"https:\/\/scon.com.vn\/wp-content\/uploads\/2022\/07\/scon-logo.svg","width":1,"height":1,"caption":"C\u00f4ng ty TNHH SCON - Fiber Optics"},"image":{"@id":"https:\/\/scon.com.vn\/vi\/#\/schema\/logo\/image\/"},"sameAs":["https:\/\/www.facebook.com\/scon.com.vn"]}]}},"_links":{"self":[{"href":"https:\/\/scon.com.vn\/vi\/wp-json\/wp\/v2\/pages\/338","targetHints":{"allow":["GET"]}}],"collection":[{"href":"https:\/\/scon.com.vn\/vi\/wp-json\/wp\/v2\/pages"}],"about":[{"href":"https:\/\/scon.com.vn\/vi\/wp-json\/wp\/v2\/types\/page"}],"author":[{"embeddable":true,"href":"https:\/\/scon.com.vn\/vi\/wp-json\/wp\/v2\/users\/2"}],"replies":[{"embeddable":true,"href":"https:\/\/scon.com.vn\/vi\/wp-json\/wp\/v2\/comments?post=338"}],"version-history":[{"count":0,"href":"https:\/\/scon.com.vn\/vi\/wp-json\/wp\/v2\/pages\/338\/revisions"}],"wp:attachment":[{"href":"https:\/\/scon.com.vn\/vi\/wp-json\/wp\/v2\/media?parent=338"}],"curies":[{"name":"wp","href":"https:\/\/api.w.org\/{rel}","templated":true}]}}