{"id":339,"date":"2022-07-28T14:01:59","date_gmt":"2022-07-28T07:01:59","guid":{"rendered":"\/nha-may-thiet-bi\/"},"modified":"2022-07-29T16:16:55","modified_gmt":"2022-07-29T09:16:55","slug":"nha-may-thiet-bi","status":"publish","type":"page","link":"https:\/\/scon.com.vn\/vi\/nha-may-thiet-bi\/","title":{"rendered":"Nh\u00e0 m\u00e1y &#8211; Thi\u1ebft b\u1ecb"},"content":{"rendered":"\t<section class=\"section\" id=\"section_2089689370\">\n\t\t<div class=\"bg section-bg fill bg-fill bg-loaded bg-loaded\" >\n\n\t\t\t\n\t\t\t\n\t\t\t\n\n\t\t<\/div>\n\n\t\t\n\n\t\t<div class=\"section-content relative\">\n\t\t\t\n\n\t<div id=\"gap-263393401\" class=\"gap-element clearfix\" style=\"display:block; height:auto;\">\n\t\t\n<style>\n#gap-263393401 {\n  padding-top: 30px;\n}\n<\/style>\n\t<\/div>\n\t\n\n<div class=\"row\"  id=\"row-304255457\">\n\n\n\t<div id=\"col-181753762\" class=\"col medium-12 small-12 large-12\"  >\n\t\t\t\t<div class=\"col-inner\"  >\n\t\t\t\n\t\t\t\n\n\t<div id=\"text-62975597\" class=\"text\">\n\t\t\n\n<p>Ch\u00fang t\u00f4i cung c\u1ea5p thi\u1ebft b\u1ecb, ph\u1ee5 ki\u1ec7n OSP &amp; ISP vi\u1ec5n th\u00f4ng v\u00e0 c\u00e1c gi\u1ea3i ph\u00e1p tri\u1ec3n khai h\u1ea1 t\u1ea7ng m\u1ea1ng.\u00a0<\/p>\n\t\t\n<style>\n#text-62975597 {\n  font-size: 1.1rem;\n  text-align: center;\n  color: #434343;\n}\n#text-62975597 > * {\n  color: #434343;\n}\n<\/style>\n\t<\/div>\n\t\n\n\t\t<\/div>\n\t\t\t\t\t<\/div>\n\n\t\n\n<\/div>\n<div class=\"text-center\"><div class=\"is-divider divider clearfix\" style=\"max-width:200px;height:2px;\"><\/div><\/div>\n\n\t<div id=\"text-4266906067\" class=\"text\">\n\t\t\n\n<h3>C\u01a1 s\u1edf s\u1ea3n xu\u1ea5t (ISO9001:2015, ISO14001:2015)<\/h3>\n<p>Facility A: 2,149.2 m\u00b2 \/ Facility B: 5,559.8 m\u00b2<\/p>\n\t\t\n<style>\n#text-4266906067 {\n  font-size: 1rem;\n  text-align: center;\n  color: #434343;\n}\n#text-4266906067 > * {\n  color: #434343;\n}\n<\/style>\n\t<\/div>\n\t\n\n\t\t<\/div>\n\n\t\t\n<style>\n#section_2089689370 {\n  padding-top: 0px;\n  padding-bottom: 0px;\n}\n@media (min-width:550px) {\n  #section_2089689370 {\n    padding-top: 0px;\n    padding-bottom: 0px;\n  }\n}\n<\/style>\n\t<\/section>\n\t\n<div class=\"row row-large\"  id=\"row-918098172\">\n\n\n\t<div id=\"col-650529664\" class=\"col medium-6 small-12 large-6\"  >\n\t\t\t\t<div class=\"col-inner text-center\"  >\n\t\t\t\n\t\t\t\n\n\t<div class=\"img has-hover x md-x lg-x y md-y lg-y\" id=\"image_1700718391\">\n\t\t\t\t\t\t\t\t<div class=\"img-inner dark\" >\n\t\t\t<img loading=\"lazy\" decoding=\"async\" width=\"1810\" height=\"2560\" src=\"https:\/\/scon.com.vn\/wp-content\/uploads\/2022\/07\/KS-Q-ISO-9001.2015-ISO-9001.2015-\ubca0\ud2b8\ub0a8\uc5b42024.01.08-_page-0001-scaled.jpg\" class=\"attachment-large size-large\" alt=\"\" srcset=\"https:\/\/scon.com.vn\/wp-content\/uploads\/2022\/07\/KS-Q-ISO-9001.2015-ISO-9001.2015-\ubca0\ud2b8\ub0a8\uc5b42024.01.08-_page-0001-scaled.jpg 1810w, https:\/\/scon.com.vn\/wp-content\/uploads\/2022\/07\/KS-Q-ISO-9001.2015-ISO-9001.2015-\ubca0\ud2b8\ub0a8\uc5b42024.01.08-_page-0001-768x1086.jpg 768w, https:\/\/scon.com.vn\/wp-content\/uploads\/2022\/07\/KS-Q-ISO-9001.2015-ISO-9001.2015-\ubca0\ud2b8\ub0a8\uc5b42024.01.08-_page-0001-1086x1536.jpg 1086w, https:\/\/scon.com.vn\/wp-content\/uploads\/2022\/07\/KS-Q-ISO-9001.2015-ISO-9001.2015-\ubca0\ud2b8\ub0a8\uc5b42024.01.08-_page-0001-1448x2048.jpg 1448w, https:\/\/scon.com.vn\/wp-content\/uploads\/2022\/07\/KS-Q-ISO-9001.2015-ISO-9001.2015-\ubca0\ud2b8\ub0a8\uc5b42024.01.08-_page-0001-510x721.jpg 510w\" sizes=\"auto, (max-width: 1810px) 100vw, 1810px\" \/>\t\t\t\t\t\t\n\t\t\t\t\t<\/div>\n\t\t\t\t\t\t\t\t\n<style>\n#image_1700718391 {\n  width: 65%;\n}\n<\/style>\n\t<\/div>\n\t\n\n\n\t\t<\/div>\n\t\t\t\t\t<\/div>\n\n\t\n\n\t<div id=\"col-858255915\" class=\"col medium-6 small-12 large-6\"  >\n\t\t\t\t<div class=\"col-inner text-center\"  >\n\t\t\t\n\t\t\t\n\n\t<div class=\"img has-hover x md-x lg-x y md-y lg-y\" id=\"image_394109638\">\n\t\t\t\t\t\t\t\t<div class=\"img-inner dark\" >\n\t\t\t<img loading=\"lazy\" decoding=\"async\" width=\"1810\" height=\"2560\" src=\"https:\/\/scon.com.vn\/wp-content\/uploads\/2022\/07\/KS-I-ISO14001.2015-ISO14001.2015-\ubca0\ud2b8\ub0a8\uc5b4-2024.01.08-_page-0001-scaled.jpg\" class=\"attachment-large size-large\" alt=\"\" srcset=\"https:\/\/scon.com.vn\/wp-content\/uploads\/2022\/07\/KS-I-ISO14001.2015-ISO14001.2015-\ubca0\ud2b8\ub0a8\uc5b4-2024.01.08-_page-0001-scaled.jpg 1810w, https:\/\/scon.com.vn\/wp-content\/uploads\/2022\/07\/KS-I-ISO14001.2015-ISO14001.2015-\ubca0\ud2b8\ub0a8\uc5b4-2024.01.08-_page-0001-768x1086.jpg 768w, https:\/\/scon.com.vn\/wp-content\/uploads\/2022\/07\/KS-I-ISO14001.2015-ISO14001.2015-\ubca0\ud2b8\ub0a8\uc5b4-2024.01.08-_page-0001-1086x1536.jpg 1086w, https:\/\/scon.com.vn\/wp-content\/uploads\/2022\/07\/KS-I-ISO14001.2015-ISO14001.2015-\ubca0\ud2b8\ub0a8\uc5b4-2024.01.08-_page-0001-1448x2048.jpg 1448w, https:\/\/scon.com.vn\/wp-content\/uploads\/2022\/07\/KS-I-ISO14001.2015-ISO14001.2015-\ubca0\ud2b8\ub0a8\uc5b4-2024.01.08-_page-0001-510x721.jpg 510w\" sizes=\"auto, (max-width: 1810px) 100vw, 1810px\" \/>\t\t\t\t\t\t\n\t\t\t\t\t<\/div>\n\t\t\t\t\t\t\t\t\n<style>\n#image_394109638 {\n  width: 65%;\n}\n<\/style>\n\t<\/div>\n\t\n\n\n\t\t<\/div>\n\t\t\t\t\t<\/div>\n\n\t\n\n<\/div>\n","protected":false},"excerpt":{"rendered":"","protected":false},"author":2,"featured_media":0,"parent":0,"menu_order":0,"comment_status":"closed","ping_status":"closed","template":"","meta":{"footnotes":""},"class_list":["post-339","page","type-page","status-publish","hentry"],"yoast_head":"<!-- This site is optimized with the Yoast SEO plugin v27.1.1 - https:\/\/yoast.com\/product\/yoast-seo-wordpress\/ -->\n<title>Nh\u00e0 m\u00e1y - Thi\u1ebft b\u1ecb - C\u00f4ng ty TNHH SCON - Fiber Optics<\/title>\n<meta name=\"description\" content=\"C\u00f4ng ty TNHH SCON chuy\u00ean v\u1ec1 s\u1ea3n xu\u1ea5t \u0111\u1ea7u n\u1ed1i c\u00e1p quang v\u00e0 h\u1ed9p quang. Tr\u1ee5 s\u1edf ch\u00ednh \u0111\u1eb7t t\u1ea1i H\u00e0n Qu\u1ed1c.\" \/>\n<meta name=\"robots\" content=\"index, follow, max-snippet:-1, max-image-preview:large, max-video-preview:-1\" \/>\n<link rel=\"canonical\" href=\"https:\/\/scon.com.vn\/vi\/nha-may-thiet-bi\/\" \/>\n<meta property=\"og:locale\" content=\"vi_VN\" \/>\n<meta property=\"og:type\" content=\"article\" \/>\n<meta property=\"og:title\" content=\"Nh\u00e0 m\u00e1y - Thi\u1ebft b\u1ecb - C\u00f4ng ty TNHH SCON - Fiber Optics\" \/>\n<meta property=\"og:description\" content=\"C\u00f4ng ty TNHH SCON chuy\u00ean v\u1ec1 s\u1ea3n xu\u1ea5t \u0111\u1ea7u n\u1ed1i c\u00e1p quang v\u00e0 h\u1ed9p quang. Tr\u1ee5 s\u1edf ch\u00ednh \u0111\u1eb7t t\u1ea1i H\u00e0n Qu\u1ed1c.\" \/>\n<meta property=\"og:url\" content=\"https:\/\/scon.com.vn\/vi\/nha-may-thiet-bi\/\" \/>\n<meta property=\"og:site_name\" content=\"C\u00f4ng ty TNHH SCON - Fiber Optics\" \/>\n<meta property=\"article:publisher\" content=\"https:\/\/www.facebook.com\/scon.com.vn\" \/>\n<meta property=\"article:modified_time\" content=\"2022-07-29T09:16:55+00:00\" \/>\n<meta property=\"og:image\" content=\"https:\/\/scon.com.vn\/wp-content\/uploads\/2022\/11\/background-share-scon.png\" \/>\n\t<meta property=\"og:image:width\" content=\"1200\" \/>\n\t<meta property=\"og:image:height\" content=\"630\" \/>\n\t<meta property=\"og:image:type\" content=\"image\/png\" \/>\n<meta name=\"twitter:card\" content=\"summary_large_image\" \/>\n<meta name=\"twitter:label1\" content=\"\u01af\u1edbc t\u00ednh th\u1eddi gian \u0111\u1ecdc\" \/>\n\t<meta name=\"twitter:data1\" content=\"1 ph\u00fat\" \/>\n<script type=\"application\/ld+json\" class=\"yoast-schema-graph\">{\"@context\":\"https:\/\/schema.org\",\"@graph\":[{\"@type\":\"WebPage\",\"@id\":\"https:\/\/scon.com.vn\/vi\/nha-may-thiet-bi\/\",\"url\":\"https:\/\/scon.com.vn\/vi\/nha-may-thiet-bi\/\",\"name\":\"Nh\u00e0 m\u00e1y - Thi\u1ebft b\u1ecb - C\u00f4ng ty TNHH SCON - Fiber Optics\",\"isPartOf\":{\"@id\":\"https:\/\/scon.com.vn\/vi\/#website\"},\"datePublished\":\"2022-07-28T07:01:59+00:00\",\"dateModified\":\"2022-07-29T09:16:55+00:00\",\"description\":\"C\u00f4ng ty TNHH SCON chuy\u00ean v\u1ec1 s\u1ea3n xu\u1ea5t \u0111\u1ea7u n\u1ed1i c\u00e1p quang v\u00e0 h\u1ed9p quang. Tr\u1ee5 s\u1edf ch\u00ednh \u0111\u1eb7t t\u1ea1i H\u00e0n Qu\u1ed1c.\",\"inLanguage\":\"vi\",\"potentialAction\":[{\"@type\":\"ReadAction\",\"target\":[\"https:\/\/scon.com.vn\/vi\/nha-may-thiet-bi\/\"]}]},{\"@type\":\"WebSite\",\"@id\":\"https:\/\/scon.com.vn\/vi\/#website\",\"url\":\"https:\/\/scon.com.vn\/vi\/\",\"name\":\"C\u00f4ng ty TNHH SCON - Fiber Optics\",\"description\":\"SCON\",\"publisher\":{\"@id\":\"https:\/\/scon.com.vn\/vi\/#organization\"},\"alternateName\":\"C\u00f4ng ty TNHH SCON - Fiber Optics\",\"potentialAction\":[{\"@type\":\"SearchAction\",\"target\":{\"@type\":\"EntryPoint\",\"urlTemplate\":\"https:\/\/scon.com.vn\/vi\/?s={search_term_string}\"},\"query-input\":{\"@type\":\"PropertyValueSpecification\",\"valueRequired\":true,\"valueName\":\"search_term_string\"}}],\"inLanguage\":\"vi\"},{\"@type\":\"Organization\",\"@id\":\"https:\/\/scon.com.vn\/vi\/#organization\",\"name\":\"C\u00f4ng ty TNHH SCON - Fiber Optics\",\"alternateName\":\"C\u00f4ng ty TNHH SCON - Fiber Optics\",\"url\":\"https:\/\/scon.com.vn\/vi\/\",\"logo\":{\"@type\":\"ImageObject\",\"inLanguage\":\"vi\",\"@id\":\"https:\/\/scon.com.vn\/vi\/#\/schema\/logo\/image\/\",\"url\":\"https:\/\/scon.com.vn\/wp-content\/uploads\/2022\/07\/scon-logo.svg\",\"contentUrl\":\"https:\/\/scon.com.vn\/wp-content\/uploads\/2022\/07\/scon-logo.svg\",\"width\":1,\"height\":1,\"caption\":\"C\u00f4ng ty TNHH SCON - Fiber Optics\"},\"image\":{\"@id\":\"https:\/\/scon.com.vn\/vi\/#\/schema\/logo\/image\/\"},\"sameAs\":[\"https:\/\/www.facebook.com\/scon.com.vn\"]}]}<\/script>\n<!-- \/ Yoast SEO plugin. -->","yoast_head_json":{"title":"Nh\u00e0 m\u00e1y - Thi\u1ebft b\u1ecb - C\u00f4ng ty TNHH SCON - Fiber Optics","description":"C\u00f4ng ty TNHH SCON chuy\u00ean v\u1ec1 s\u1ea3n xu\u1ea5t \u0111\u1ea7u n\u1ed1i c\u00e1p quang v\u00e0 h\u1ed9p quang. Tr\u1ee5 s\u1edf ch\u00ednh \u0111\u1eb7t t\u1ea1i H\u00e0n Qu\u1ed1c.","robots":{"index":"index","follow":"follow","max-snippet":"max-snippet:-1","max-image-preview":"max-image-preview:large","max-video-preview":"max-video-preview:-1"},"canonical":"https:\/\/scon.com.vn\/vi\/nha-may-thiet-bi\/","og_locale":"vi_VN","og_type":"article","og_title":"Nh\u00e0 m\u00e1y - Thi\u1ebft b\u1ecb - C\u00f4ng ty TNHH SCON - Fiber Optics","og_description":"C\u00f4ng ty TNHH SCON chuy\u00ean v\u1ec1 s\u1ea3n xu\u1ea5t \u0111\u1ea7u n\u1ed1i c\u00e1p quang v\u00e0 h\u1ed9p quang. Tr\u1ee5 s\u1edf ch\u00ednh \u0111\u1eb7t t\u1ea1i H\u00e0n Qu\u1ed1c.","og_url":"https:\/\/scon.com.vn\/vi\/nha-may-thiet-bi\/","og_site_name":"C\u00f4ng ty TNHH SCON - Fiber Optics","article_publisher":"https:\/\/www.facebook.com\/scon.com.vn","article_modified_time":"2022-07-29T09:16:55+00:00","og_image":[{"width":1200,"height":630,"url":"https:\/\/scon.com.vn\/wp-content\/uploads\/2022\/11\/background-share-scon.png","type":"image\/png"}],"twitter_card":"summary_large_image","twitter_misc":{"\u01af\u1edbc t\u00ednh th\u1eddi gian \u0111\u1ecdc":"1 ph\u00fat"},"schema":{"@context":"https:\/\/schema.org","@graph":[{"@type":"WebPage","@id":"https:\/\/scon.com.vn\/vi\/nha-may-thiet-bi\/","url":"https:\/\/scon.com.vn\/vi\/nha-may-thiet-bi\/","name":"Nh\u00e0 m\u00e1y - Thi\u1ebft b\u1ecb - C\u00f4ng ty TNHH SCON - Fiber Optics","isPartOf":{"@id":"https:\/\/scon.com.vn\/vi\/#website"},"datePublished":"2022-07-28T07:01:59+00:00","dateModified":"2022-07-29T09:16:55+00:00","description":"C\u00f4ng ty TNHH SCON chuy\u00ean v\u1ec1 s\u1ea3n xu\u1ea5t \u0111\u1ea7u n\u1ed1i c\u00e1p quang v\u00e0 h\u1ed9p quang. Tr\u1ee5 s\u1edf ch\u00ednh \u0111\u1eb7t t\u1ea1i H\u00e0n Qu\u1ed1c.","inLanguage":"vi","potentialAction":[{"@type":"ReadAction","target":["https:\/\/scon.com.vn\/vi\/nha-may-thiet-bi\/"]}]},{"@type":"WebSite","@id":"https:\/\/scon.com.vn\/vi\/#website","url":"https:\/\/scon.com.vn\/vi\/","name":"C\u00f4ng ty TNHH SCON - Fiber Optics","description":"SCON","publisher":{"@id":"https:\/\/scon.com.vn\/vi\/#organization"},"alternateName":"C\u00f4ng ty TNHH SCON - Fiber Optics","potentialAction":[{"@type":"SearchAction","target":{"@type":"EntryPoint","urlTemplate":"https:\/\/scon.com.vn\/vi\/?s={search_term_string}"},"query-input":{"@type":"PropertyValueSpecification","valueRequired":true,"valueName":"search_term_string"}}],"inLanguage":"vi"},{"@type":"Organization","@id":"https:\/\/scon.com.vn\/vi\/#organization","name":"C\u00f4ng ty TNHH SCON - Fiber Optics","alternateName":"C\u00f4ng ty TNHH SCON - Fiber Optics","url":"https:\/\/scon.com.vn\/vi\/","logo":{"@type":"ImageObject","inLanguage":"vi","@id":"https:\/\/scon.com.vn\/vi\/#\/schema\/logo\/image\/","url":"https:\/\/scon.com.vn\/wp-content\/uploads\/2022\/07\/scon-logo.svg","contentUrl":"https:\/\/scon.com.vn\/wp-content\/uploads\/2022\/07\/scon-logo.svg","width":1,"height":1,"caption":"C\u00f4ng ty TNHH SCON - Fiber Optics"},"image":{"@id":"https:\/\/scon.com.vn\/vi\/#\/schema\/logo\/image\/"},"sameAs":["https:\/\/www.facebook.com\/scon.com.vn"]}]}},"_links":{"self":[{"href":"https:\/\/scon.com.vn\/vi\/wp-json\/wp\/v2\/pages\/339","targetHints":{"allow":["GET"]}}],"collection":[{"href":"https:\/\/scon.com.vn\/vi\/wp-json\/wp\/v2\/pages"}],"about":[{"href":"https:\/\/scon.com.vn\/vi\/wp-json\/wp\/v2\/types\/page"}],"author":[{"embeddable":true,"href":"https:\/\/scon.com.vn\/vi\/wp-json\/wp\/v2\/users\/2"}],"replies":[{"embeddable":true,"href":"https:\/\/scon.com.vn\/vi\/wp-json\/wp\/v2\/comments?post=339"}],"version-history":[{"count":0,"href":"https:\/\/scon.com.vn\/vi\/wp-json\/wp\/v2\/pages\/339\/revisions"}],"wp:attachment":[{"href":"https:\/\/scon.com.vn\/vi\/wp-json\/wp\/v2\/media?parent=339"}],"curies":[{"name":"wp","href":"https:\/\/api.w.org\/{rel}","templated":true}]}}