{"id":341,"date":"2022-07-28T14:05:20","date_gmt":"2022-07-28T07:05:20","guid":{"rendered":"\/lien-he-2\/"},"modified":"2022-07-29T16:15:06","modified_gmt":"2022-07-29T09:15:06","slug":"lien-he","status":"publish","type":"page","link":"https:\/\/scon.com.vn\/vi\/lien-he\/","title":{"rendered":"Li\u00ean h\u1ec7"},"content":{"rendered":"\t<section class=\"section\" id=\"section_756688915\">\n\t\t<div class=\"bg section-bg fill bg-fill bg-loaded bg-loaded\" >\n\n\t\t\t\n\t\t\t\n\t\t\t\n\n\t\t<\/div>\n\n\t\t\n\n\t\t<div class=\"section-content relative\">\n\t\t\t\r\n\r\n\t\t<\/div>\n\n\t\t\n<style>\n#section_756688915 {\n  padding-top: 0px;\n  padding-bottom: 0px;\n  background-color: rgb(46, 46, 46);\n}\n@media (min-width:850px) {\n  #section_756688915 {\n    padding-top: 81px;\n    padding-bottom: 81px;\n  }\n}\n<\/style>\n\t<\/section>\n\t\r\n<div class=\"row align-center\" style=\"max-width:1200px\" id=\"row-137564794\">\r\n\r\n\n\t<div id=\"col-1874796780\" class=\"col small-12 large-12\"  >\n\t\t\t\t<div class=\"col-inner text-center\"  >\n\t\t\t\n\t\t\t\r\n\r\n<div class=\"row\" style=\"max-width:1200px\" id=\"row-823214380\">\r\n\r\n\n\t<div id=\"col-1684755856\" class=\"col medium-7 small-12 large-7\"  data-animate=\"fadeInLeft\">\n\t\t\t\t<div class=\"col-inner text-center\"  >\n\t\t\t\n\t\t\t\r\n\r\n\t<div class=\"box has-hover   has-hover box-text-bottom\" >\n\n\t\t<div class=\"box-image\" >\n\t\t\t\t\t\t<div class=\"image-cover\" style=\"padding-top:70%;\">\n\t\t\t\t<img decoding=\"async\" src=\"https:\/\/scon.com.vn\/wp-content\/uploads\/2022\/07\/banner-company-scon.svg\" class=\"attachment- size-\" alt=\"SCON Co., Ltd.\" \/>\t\t\t\t\t\t\t\t\t\t\t<\/div>\n\t\t\t\t\t<\/div>\n\n\t\t<div class=\"box-text text-center\" style=\"padding:20px 0px 0px 0px;\">\n\t\t\t<div class=\"box-text-inner\">\n\t\t\t\t\r\n<h6>VI\u1ec6T NAM<\/h6>\r\n\t<div id=\"text-1848438288\" class=\"text\">\n\t\t\r\n<h3>C\u00f4ng ty TNHH SCON<\/h3>\r\n\t\t\n<style>\n#text-1848438288 {\n  font-size: 1.25rem;\n  line-height: 1;\n}\n<\/style>\n\t<\/div>\n\t\r\n\r\n16, Magokjungang 14-ro\r\nGangseo-gu, Seoul, 07789, H\u00e0n Qu\u1ed1c\r\n\r\n\t<div id=\"gap-1224184499\" class=\"gap-element clearfix\" style=\"display:block; height:auto;\">\n\t\t\n<style>\n#gap-1224184499 {\n  padding-top: 20px;\n}\n<\/style>\n\t<\/div>\n\t\r\n\r\n\t\t\t<\/div>\n\t\t<\/div>\n\t<\/div>\n\t\r\n\r\n\t\t<\/div>\n\t\t\t\t\t<\/div>\n\n\t\r\n\r\n<\/div>\r\n\r\n\t\t<\/div>\n\t\t\t\t\n<style>\n#col-1874796780 > .col-inner {\n  margin: 20px 0px -63px 0px;\n}\n@media (min-width:550px) {\n  #col-1874796780 > .col-inner {\n    margin: -100px 0px -63px 0px;\n  }\n}\n@media (min-width:850px) {\n  #col-1874796780 > .col-inner {\n    margin: -150px 0px -63px 0px;\n  }\n}\n<\/style>\n\t<\/div>\n\n\t\r\n\r\n<\/div>\r\n<div class=\"row align-center\" style=\"max-width:1200px\" id=\"row-31144533\">\r\n\r\n\n\t<div id=\"col-832003439\" class=\"col small-12 large-12\"  >\n\t\t\t\t<div class=\"col-inner text-center\"  >\n\t\t\t\n\t\t\t\r\n\r\n\t<section class=\"section\" id=\"section_47736895\">\n\t\t<div class=\"bg section-bg fill bg-fill bg-loaded bg-loaded\" >\n\n\t\t\t\n\t\t\t\n\t\t\t\n\t<div class=\"is-border\"\n\t\tstyle=\"border-color:rgb(235, 235, 235);border-width:1px 1px 1px 1px;\">\n\t<\/div>\n\n\t\t<\/div>\n\n\t\t\n\n\t\t<div class=\"section-content relative\">\n\t\t\t\r\n\r\n<div class=\"row row-large\"  id=\"row-972993136\">\r\n\r\n\n\t<div id=\"col-1579243213\" class=\"col small-12 large-12\"  >\n\t\t\t\t<div class=\"col-inner text-center\"  >\n\t\t\t\n\t\t\t\r\n<h4>TH\u00d4NG TIN LI\u00caN H\u1ec6<\/h4>\r\n<i class=\"contact-icon fa fa-phone-square\" aria-hidden=\"true\"><\/i><a title=\" G\u1ecdi SCON Co., Ltd.\" href=\"tel:02742222075\"> 0274 222 2075~77<\/a>\r\n<i class=\"contact-icon fa fa-globe\" aria-hidden=\"true\"><\/i><a title=\"Gh\u00e9 th\u0103m trang web\" href=\"http:\/\/www.scon.com.vn\" rel=\"nofollow\"> scon.com.vn<\/a>\r\n<i class=\"contact-icon fa fa-envelope\" aria-hidden=\"true\"><\/i><a title=\"Li\u00ean h\u1ec7\" href=\"mailto:\"> scon@scon.com.vn<\/a>\r\n\r\n\t<div id=\"gap-441452459\" class=\"gap-element clearfix\" style=\"display:block; height:auto;\">\n\t\t\n<style>\n#gap-441452459 {\n  padding-top: 20px;\n}\n<\/style>\n\t<\/div>\n\t\r\n\r\n<b>\u0110\u1ecba ch\u1ec9:<\/b>\r\nS\u1ed1 6 VSIP II-A, \u0110\u01b0\u1eddng s\u1ed1 29, KCN Vi\u1ec7t Nam - Singapore II-A\r\nPh\u01b0\u1eddng V\u0129nh T\u00e2n Th\u00e0nh Ph\u1ed1, H\u1ed3 Ch\u00ed Minh, Vi\u1ec7t Nam.\r\n\r\n<a href=\"https:\/\/www.google.com\/maps\/dir\/\/SCON+Co.,+Ltd.,+Vinh+T%C3%A2n,+Th%E1%BB%8B+x%C3%A3+T%C3%A2n+Uy%C3%AAn,+B%C3%ACnh+D%C6%B0%C6%A1ng\" target=\"_blank\" rel=\"noopener\"><button style=\"text-decoration: none;background: #2e2e2e;border-radius: 20px;color: #ffffff;font-size: 16px\">XEM V\u1eca TR\u00cd<\/button><\/a>\r\n\r\n\t\t<\/div>\n\t\t\t\t\t<\/div>\n\n\t\r\n\r\n\n<style>\n#row-972993136 > .col > .col-inner {\n  padding: 10px 10px 10px 10px;\n}\n@media (min-width:550px) {\n  #row-972993136 > .col > .col-inner {\n    padding: 30px 30px 0 30px;\n  }\n}\n<\/style>\n<\/div>\r\n\r\n\t\t<\/div>\n\n\t\t\n<style>\n#section_47736895 {\n  padding-top: 30px;\n  padding-bottom: 30px;\n}\n<\/style>\n\t<\/section>\n\t\r\n\r\n\t\t<\/div>\n\t\t\t\t\n<style>\n#col-832003439 > .col-inner {\n  margin: 0px 0px 30px 0px;\n}\n<\/style>\n\t<\/div>\n\n\t\r\n\r\n<\/div>\n\n\n<iframe src=\"https:\/\/www.google.com\/maps\/embed?pb=!1m18!1m12!1m3!1d31317.3297620122!2d106.69443374313914!3d11.138217484439945!2m3!1f0!2f0!3f0!3m2!1i1024!2i768!4f13.1!3m3!1m2!1s0x3174c8b11aeaaa21%3A0x5aa5a1b32328739a!2sSCON%20Co.%2C%20Ltd.!5e0!3m2!1svi!2s!4v1653530077414!5m2!1svi!2s\" width=\"100%\" height=\"400\" style=\"border:0;\" allowfullscreen=\"\" loading=\"lazy\" referrerpolicy=\"no-referrer-when-downgrade\"><\/iframe>\n\n","protected":false},"excerpt":{"rendered":"","protected":false},"author":2,"featured_media":0,"parent":0,"menu_order":0,"comment_status":"closed","ping_status":"closed","template":"","meta":{"footnotes":""},"class_list":["post-341","page","type-page","status-publish","hentry"],"yoast_head":"<!-- This site is optimized with the Yoast SEO plugin v27.1.1 - https:\/\/yoast.com\/product\/yoast-seo-wordpress\/ -->\n<title>Li\u00ean h\u1ec7 - C\u00f4ng ty TNHH SCON - Fiber Optics<\/title>\n<meta name=\"description\" content=\"C\u00f4ng ty TNHH SCON chuy\u00ean v\u1ec1 s\u1ea3n xu\u1ea5t \u0111\u1ea7u n\u1ed1i c\u00e1p quang v\u00e0 h\u1ed9p quang. Tr\u1ee5 s\u1edf ch\u00ednh \u0111\u1eb7t t\u1ea1i H\u00e0n Qu\u1ed1c.\" \/>\n<meta name=\"robots\" content=\"index, follow, max-snippet:-1, max-image-preview:large, max-video-preview:-1\" \/>\n<link rel=\"canonical\" href=\"https:\/\/scon.com.vn\/vi\/lien-he\/\" \/>\n<meta property=\"og:locale\" content=\"vi_VN\" \/>\n<meta property=\"og:type\" content=\"article\" \/>\n<meta property=\"og:title\" content=\"Li\u00ean h\u1ec7 - C\u00f4ng ty TNHH SCON - Fiber Optics\" \/>\n<meta property=\"og:description\" content=\"C\u00f4ng ty TNHH SCON chuy\u00ean v\u1ec1 s\u1ea3n xu\u1ea5t \u0111\u1ea7u n\u1ed1i c\u00e1p quang v\u00e0 h\u1ed9p quang. Tr\u1ee5 s\u1edf ch\u00ednh \u0111\u1eb7t t\u1ea1i H\u00e0n Qu\u1ed1c.\" \/>\n<meta property=\"og:url\" content=\"https:\/\/scon.com.vn\/vi\/lien-he\/\" \/>\n<meta property=\"og:site_name\" content=\"C\u00f4ng ty TNHH SCON - Fiber Optics\" \/>\n<meta property=\"article:publisher\" content=\"https:\/\/www.facebook.com\/scon.com.vn\" \/>\n<meta property=\"article:modified_time\" content=\"2022-07-29T09:15:06+00:00\" \/>\n<meta property=\"og:image\" content=\"https:\/\/scon.com.vn\/wp-content\/uploads\/2022\/11\/background-share-scon.png\" \/>\n\t<meta property=\"og:image:width\" content=\"1200\" \/>\n\t<meta property=\"og:image:height\" content=\"630\" \/>\n\t<meta property=\"og:image:type\" content=\"image\/png\" \/>\n<meta name=\"twitter:card\" content=\"summary_large_image\" \/>\n<meta name=\"twitter:label1\" content=\"\u01af\u1edbc t\u00ednh th\u1eddi gian \u0111\u1ecdc\" \/>\n\t<meta name=\"twitter:data1\" content=\"1 ph\u00fat\" \/>\n<script type=\"application\/ld+json\" class=\"yoast-schema-graph\">{\"@context\":\"https:\/\/schema.org\",\"@graph\":[{\"@type\":\"WebPage\",\"@id\":\"https:\/\/scon.com.vn\/vi\/lien-he\/\",\"url\":\"https:\/\/scon.com.vn\/vi\/lien-he\/\",\"name\":\"Li\u00ean h\u1ec7 - C\u00f4ng ty TNHH SCON - Fiber Optics\",\"isPartOf\":{\"@id\":\"https:\/\/scon.com.vn\/vi\/#website\"},\"datePublished\":\"2022-07-28T07:05:20+00:00\",\"dateModified\":\"2022-07-29T09:15:06+00:00\",\"description\":\"C\u00f4ng ty TNHH SCON chuy\u00ean v\u1ec1 s\u1ea3n xu\u1ea5t \u0111\u1ea7u n\u1ed1i c\u00e1p quang v\u00e0 h\u1ed9p quang. Tr\u1ee5 s\u1edf ch\u00ednh \u0111\u1eb7t t\u1ea1i H\u00e0n Qu\u1ed1c.\",\"inLanguage\":\"vi\",\"potentialAction\":[{\"@type\":\"ReadAction\",\"target\":[\"https:\/\/scon.com.vn\/vi\/lien-he\/\"]}]},{\"@type\":\"WebSite\",\"@id\":\"https:\/\/scon.com.vn\/vi\/#website\",\"url\":\"https:\/\/scon.com.vn\/vi\/\",\"name\":\"C\u00f4ng ty TNHH SCON - Fiber Optics\",\"description\":\"SCON\",\"publisher\":{\"@id\":\"https:\/\/scon.com.vn\/vi\/#organization\"},\"alternateName\":\"C\u00f4ng ty TNHH SCON - Fiber Optics\",\"potentialAction\":[{\"@type\":\"SearchAction\",\"target\":{\"@type\":\"EntryPoint\",\"urlTemplate\":\"https:\/\/scon.com.vn\/vi\/?s={search_term_string}\"},\"query-input\":{\"@type\":\"PropertyValueSpecification\",\"valueRequired\":true,\"valueName\":\"search_term_string\"}}],\"inLanguage\":\"vi\"},{\"@type\":\"Organization\",\"@id\":\"https:\/\/scon.com.vn\/vi\/#organization\",\"name\":\"C\u00f4ng ty TNHH SCON - Fiber Optics\",\"alternateName\":\"C\u00f4ng ty TNHH SCON - Fiber Optics\",\"url\":\"https:\/\/scon.com.vn\/vi\/\",\"logo\":{\"@type\":\"ImageObject\",\"inLanguage\":\"vi\",\"@id\":\"https:\/\/scon.com.vn\/vi\/#\/schema\/logo\/image\/\",\"url\":\"https:\/\/scon.com.vn\/wp-content\/uploads\/2022\/07\/scon-logo.svg\",\"contentUrl\":\"https:\/\/scon.com.vn\/wp-content\/uploads\/2022\/07\/scon-logo.svg\",\"width\":1,\"height\":1,\"caption\":\"C\u00f4ng ty TNHH SCON - Fiber Optics\"},\"image\":{\"@id\":\"https:\/\/scon.com.vn\/vi\/#\/schema\/logo\/image\/\"},\"sameAs\":[\"https:\/\/www.facebook.com\/scon.com.vn\"]}]}<\/script>\n<!-- \/ Yoast SEO plugin. -->","yoast_head_json":{"title":"Li\u00ean h\u1ec7 - C\u00f4ng ty TNHH SCON - Fiber Optics","description":"C\u00f4ng ty TNHH SCON chuy\u00ean v\u1ec1 s\u1ea3n xu\u1ea5t \u0111\u1ea7u n\u1ed1i c\u00e1p quang v\u00e0 h\u1ed9p quang. Tr\u1ee5 s\u1edf ch\u00ednh \u0111\u1eb7t t\u1ea1i H\u00e0n Qu\u1ed1c.","robots":{"index":"index","follow":"follow","max-snippet":"max-snippet:-1","max-image-preview":"max-image-preview:large","max-video-preview":"max-video-preview:-1"},"canonical":"https:\/\/scon.com.vn\/vi\/lien-he\/","og_locale":"vi_VN","og_type":"article","og_title":"Li\u00ean h\u1ec7 - C\u00f4ng ty TNHH SCON - Fiber Optics","og_description":"C\u00f4ng ty TNHH SCON chuy\u00ean v\u1ec1 s\u1ea3n xu\u1ea5t \u0111\u1ea7u n\u1ed1i c\u00e1p quang v\u00e0 h\u1ed9p quang. Tr\u1ee5 s\u1edf ch\u00ednh \u0111\u1eb7t t\u1ea1i H\u00e0n Qu\u1ed1c.","og_url":"https:\/\/scon.com.vn\/vi\/lien-he\/","og_site_name":"C\u00f4ng ty TNHH SCON - Fiber Optics","article_publisher":"https:\/\/www.facebook.com\/scon.com.vn","article_modified_time":"2022-07-29T09:15:06+00:00","og_image":[{"width":1200,"height":630,"url":"https:\/\/scon.com.vn\/wp-content\/uploads\/2022\/11\/background-share-scon.png","type":"image\/png"}],"twitter_card":"summary_large_image","twitter_misc":{"\u01af\u1edbc t\u00ednh th\u1eddi gian \u0111\u1ecdc":"1 ph\u00fat"},"schema":{"@context":"https:\/\/schema.org","@graph":[{"@type":"WebPage","@id":"https:\/\/scon.com.vn\/vi\/lien-he\/","url":"https:\/\/scon.com.vn\/vi\/lien-he\/","name":"Li\u00ean h\u1ec7 - C\u00f4ng ty TNHH SCON - Fiber Optics","isPartOf":{"@id":"https:\/\/scon.com.vn\/vi\/#website"},"datePublished":"2022-07-28T07:05:20+00:00","dateModified":"2022-07-29T09:15:06+00:00","description":"C\u00f4ng ty TNHH SCON chuy\u00ean v\u1ec1 s\u1ea3n xu\u1ea5t \u0111\u1ea7u n\u1ed1i c\u00e1p quang v\u00e0 h\u1ed9p quang. Tr\u1ee5 s\u1edf ch\u00ednh \u0111\u1eb7t t\u1ea1i H\u00e0n Qu\u1ed1c.","inLanguage":"vi","potentialAction":[{"@type":"ReadAction","target":["https:\/\/scon.com.vn\/vi\/lien-he\/"]}]},{"@type":"WebSite","@id":"https:\/\/scon.com.vn\/vi\/#website","url":"https:\/\/scon.com.vn\/vi\/","name":"C\u00f4ng ty TNHH SCON - Fiber Optics","description":"SCON","publisher":{"@id":"https:\/\/scon.com.vn\/vi\/#organization"},"alternateName":"C\u00f4ng ty TNHH SCON - Fiber Optics","potentialAction":[{"@type":"SearchAction","target":{"@type":"EntryPoint","urlTemplate":"https:\/\/scon.com.vn\/vi\/?s={search_term_string}"},"query-input":{"@type":"PropertyValueSpecification","valueRequired":true,"valueName":"search_term_string"}}],"inLanguage":"vi"},{"@type":"Organization","@id":"https:\/\/scon.com.vn\/vi\/#organization","name":"C\u00f4ng ty TNHH SCON - Fiber Optics","alternateName":"C\u00f4ng ty TNHH SCON - Fiber Optics","url":"https:\/\/scon.com.vn\/vi\/","logo":{"@type":"ImageObject","inLanguage":"vi","@id":"https:\/\/scon.com.vn\/vi\/#\/schema\/logo\/image\/","url":"https:\/\/scon.com.vn\/wp-content\/uploads\/2022\/07\/scon-logo.svg","contentUrl":"https:\/\/scon.com.vn\/wp-content\/uploads\/2022\/07\/scon-logo.svg","width":1,"height":1,"caption":"C\u00f4ng ty TNHH SCON - Fiber Optics"},"image":{"@id":"https:\/\/scon.com.vn\/vi\/#\/schema\/logo\/image\/"},"sameAs":["https:\/\/www.facebook.com\/scon.com.vn"]}]}},"_links":{"self":[{"href":"https:\/\/scon.com.vn\/vi\/wp-json\/wp\/v2\/pages\/341","targetHints":{"allow":["GET"]}}],"collection":[{"href":"https:\/\/scon.com.vn\/vi\/wp-json\/wp\/v2\/pages"}],"about":[{"href":"https:\/\/scon.com.vn\/vi\/wp-json\/wp\/v2\/types\/page"}],"author":[{"embeddable":true,"href":"https:\/\/scon.com.vn\/vi\/wp-json\/wp\/v2\/users\/2"}],"replies":[{"embeddable":true,"href":"https:\/\/scon.com.vn\/vi\/wp-json\/wp\/v2\/comments?post=341"}],"version-history":[{"count":0,"href":"https:\/\/scon.com.vn\/vi\/wp-json\/wp\/v2\/pages\/341\/revisions"}],"wp:attachment":[{"href":"https:\/\/scon.com.vn\/vi\/wp-json\/wp\/v2\/media?parent=341"}],"curies":[{"name":"wp","href":"https:\/\/api.w.org\/{rel}","templated":true}]}}