{"id":347,"date":"2022-07-28T14:17:52","date_gmt":"2022-07-28T07:17:52","guid":{"rendered":"\/san-pham\/"},"modified":"2022-07-29T16:18:01","modified_gmt":"2022-07-29T09:18:01","slug":"san-pham","status":"publish","type":"page","link":"https:\/\/scon.com.vn\/vi\/san-pham\/","title":{"rendered":"S\u1ea3n ph\u1ea9m"},"content":{"rendered":"\t<section class=\"section\" id=\"section_194448987\">\n\t\t<div class=\"bg section-bg fill bg-fill bg-loaded bg-loaded\" >\n\n\t\t\t\n\t\t\t\n\t\t\t\n\n\t\t<\/div>\n\n\t\t\n\n\t\t<div class=\"section-content relative\">\n\t\t\t\n\n\t<div id=\"gap-495384776\" class=\"gap-element clearfix\" style=\"display:block; height:auto;\">\n\t\t\n<style>\n#gap-495384776 {\n  padding-top: 30px;\n}\n<\/style>\n\t<\/div>\n\t\n\n<div class=\"row\"  id=\"row-804280525\">\n\n\n\t<div id=\"col-456443952\" class=\"col product-page-text medium-6 small-12 large-6\"  >\n\t\t\t\t<div class=\"col-inner text-left\" style=\"background-color:rgb(255, 255, 255);\" >\n\t\t\t\n\t<div class=\"is-border\"\n\t\tstyle=\"border-width:0px 0px 0px 0px;\">\n\t<\/div>\n\t\t\t\n\n<a href=\"https:\/\/scon.com.vn\/vi\/danh-muc-san-pham\/dau-noi-quang\/\" class=\"button primary expand\"  style=\"border-radius:10px;\">\n    <span>Fiber Optic Connectors<\/span>\n  <\/a>\n\n\n<div class=\"accordion product-page-category\">\n\n\t<div id=\"accordion-519921295\" class=\"accordion-item\">\n\t\t<a id=\"accordion-519921295-label\" class=\"accordion-title plain\" href=\"#accordion-item-faoc---vf\" aria-expanded=\"false\" aria-controls=\"accordion-519921295-content\" >\n\t\t\t<button class=\"toggle\" aria-label=\"Toggle\"><i class=\"icon-angle-down\"><\/i><\/button>\n\t\t\t<span>FAOC - VF<\/span>\n\t\t<\/a>\n\t\t<div id=\"accordion-519921295-content\" class=\"accordion-inner\" aria-labelledby=\"accordion-519921295-label\" >\n\t\t\t\n\n\t<div class=\"img has-hover x md-x lg-x y md-y lg-y\" id=\"image_2011878871\">\n\t\t<a class=\"\" href=\"https:\/\/scon.com.vn\/vi\/tat-ca-san-pham\/faoc-vf\/\" >\t\t\t\t\t\t<div class=\"img-inner dark\" >\n\t\t\t<img decoding=\"async\" src=\"https:\/\/scon.com.vn\/wp-content\/uploads\/2022\/07\/faoc-vf-01.svg\" class=\"attachment-large size-large\" alt=\"FAOC-VF\" \/>\t\t\t\t\t\t\n\t\t\t\t\t<\/div>\n\t\t\t\t\t\t<\/a>\t\t\n<style>\n#image_2011878871 {\n  width: 100%;\n}\n<\/style>\n\t<\/div>\n\t\n\n\n\t\t<\/div>\n\t<\/div>\n\t\n\t<div id=\"accordion-1757997965\" class=\"accordion-item\">\n\t\t<a id=\"accordion-1757997965-label\" class=\"accordion-title plain\" href=\"#accordion-item-faoc---ls40a\" aria-expanded=\"false\" aria-controls=\"accordion-1757997965-content\" >\n\t\t\t<button class=\"toggle\" aria-label=\"Toggle\"><i class=\"icon-angle-down\"><\/i><\/button>\n\t\t\t<span>FAOC - LS40A<\/span>\n\t\t<\/a>\n\t\t<div id=\"accordion-1757997965-content\" class=\"accordion-inner\" aria-labelledby=\"accordion-1757997965-label\" >\n\t\t\t\n\n\t<div class=\"img has-hover x md-x lg-x y md-y lg-y\" id=\"image_200023004\">\n\t\t<a class=\"\" href=\"https:\/\/scon.com.vn\/vi\/tat-ca-san-pham\/faoc-ls40a\/\" >\t\t\t\t\t\t<div class=\"img-inner dark\" >\n\t\t\t<img decoding=\"async\" src=\"https:\/\/scon.com.vn\/wp-content\/uploads\/2022\/07\/faoc-ls40a-01.svg\" class=\"attachment-large size-large\" alt=\"FAOC-LS40A\" \/>\t\t\t\t\t\t\n\t\t\t\t\t<\/div>\n\t\t\t\t\t\t<\/a>\t\t\n<style>\n#image_200023004 {\n  width: 100%;\n}\n<\/style>\n\t<\/div>\n\t\n\n\n\t\t<\/div>\n\t<\/div>\n\t\n\t<div id=\"accordion-3174465116\" class=\"accordion-item\">\n\t\t<a id=\"accordion-3174465116-label\" class=\"accordion-title plain\" href=\"#accordion-item-faoc---ss50a\" aria-expanded=\"false\" aria-controls=\"accordion-3174465116-content\" >\n\t\t\t<button class=\"toggle\" aria-label=\"Toggle\"><i class=\"icon-angle-down\"><\/i><\/button>\n\t\t\t<span>FAOC - SS50A<\/span>\n\t\t<\/a>\n\t\t<div id=\"accordion-3174465116-content\" class=\"accordion-inner\" aria-labelledby=\"accordion-3174465116-label\" >\n\t\t\t\n\n\t<div class=\"img has-hover x md-x lg-x y md-y lg-y\" id=\"image_924591376\">\n\t\t<a class=\"\" href=\"https:\/\/scon.com.vn\/vi\/tat-ca-san-pham\/faoc-ss50a\/\" >\t\t\t\t\t\t<div class=\"img-inner dark\" >\n\t\t\t<img decoding=\"async\" src=\"https:\/\/scon.com.vn\/wp-content\/uploads\/2022\/07\/faoc-ss50a-03.svg\" class=\"attachment-large size-large\" alt=\"FAOC-SS50A\" \/>\t\t\t\t\t\t\n\t\t\t\t\t<\/div>\n\t\t\t\t\t\t<\/a>\t\t\n<style>\n#image_924591376 {\n  width: 100%;\n}\n<\/style>\n\t<\/div>\n\t\n\n\n\t\t<\/div>\n\t<\/div>\n\t\n\t<div id=\"accordion-3030721859\" class=\"accordion-item\">\n\t\t<a id=\"accordion-3030721859-label\" class=\"accordion-title plain\" href=\"#accordion-item-msp-o\" aria-expanded=\"false\" aria-controls=\"accordion-3030721859-content\" >\n\t\t\t<button class=\"toggle\" aria-label=\"Toggle\"><i class=\"icon-angle-down\"><\/i><\/button>\n\t\t\t<span>MSP-O<\/span>\n\t\t<\/a>\n\t\t<div id=\"accordion-3030721859-content\" class=\"accordion-inner\" aria-labelledby=\"accordion-3030721859-label\" >\n\t\t\t\n\n\t<div class=\"img has-hover x md-x lg-x y md-y lg-y\" id=\"image_1649948021\">\n\t\t<a class=\"\" href=\"\/vi\/tat-ca-san-pham\/msp-a2\/\" >\t\t\t\t\t\t<div class=\"img-inner dark\" >\n\t\t\t<img loading=\"lazy\" decoding=\"async\" width=\"1563\" height=\"1875\" src=\"https:\/\/scon.com.vn\/wp-content\/uploads\/2024\/05\/MSP-O.jpg\" class=\"attachment-large size-large\" alt=\"\" srcset=\"https:\/\/scon.com.vn\/wp-content\/uploads\/2024\/05\/MSP-O.jpg 1563w, https:\/\/scon.com.vn\/wp-content\/uploads\/2024\/05\/MSP-O-768x921.jpg 768w, https:\/\/scon.com.vn\/wp-content\/uploads\/2024\/05\/MSP-O-1280x1536.jpg 1280w, https:\/\/scon.com.vn\/wp-content\/uploads\/2024\/05\/MSP-O-247x296.jpg 247w, https:\/\/scon.com.vn\/wp-content\/uploads\/2024\/05\/MSP-O-510x612.jpg 510w\" sizes=\"auto, (max-width: 1563px) 100vw, 1563px\" \/>\t\t\t\t\t\t\n\t\t\t\t\t<\/div>\n\t\t\t\t\t\t<\/a>\t\t\n<style>\n#image_1649948021 {\n  width: 100%;\n}\n<\/style>\n\t<\/div>\n\t\n\n\n\t\t<\/div>\n\t<\/div>\n\t\n\n<\/div>\n\n\t\t<\/div>\n\t\t\t\t\n<style>\n#col-456443952 > .col-inner {\n  padding: 20px 10px 10px 10px;\n  border-radius: 15px;\n}\n<\/style>\n\t<\/div>\n\n\t\n\n\t<div id=\"col-193950013\" class=\"col product-page-text medium-6 small-12 large-6\"  >\n\t\t\t\t<div class=\"col-inner text-left\" style=\"background-color:rgb(255, 255, 255);\" >\n\t\t\t\n\t\t\t\n\n<a href=\"https:\/\/scon.com.vn\/vi\/danh-muc-san-pham\/mang-xong-quang\/\" class=\"button primary expand\"  style=\"border-radius:10px;\">\n    <span>Fiber Optic Enclosures<\/span>\n  <\/a>\n\n\n<div class=\"accordion product-page-category\">\n\n\t<div id=\"accordion-13746408\" class=\"accordion-item\">\n\t\t<a id=\"accordion-13746408-label\" class=\"accordion-title plain\" href=\"#accordion-item-zofc---b1\" aria-expanded=\"false\" aria-controls=\"accordion-13746408-content\" >\n\t\t\t<button class=\"toggle\" aria-label=\"Toggle\"><i class=\"icon-angle-down\"><\/i><\/button>\n\t\t\t<span>ZOFC - B1<\/span>\n\t\t<\/a>\n\t\t<div id=\"accordion-13746408-content\" class=\"accordion-inner\" aria-labelledby=\"accordion-13746408-label\" >\n\t\t\t\n\n\t<div class=\"img has-hover x md-x lg-x y md-y lg-y\" id=\"image_1092724750\">\n\t\t<a class=\"\" href=\"https:\/\/scon.com.vn\/vi\/tat-ca-san-pham\/zofc-b1\/\" >\t\t\t\t\t\t<div class=\"img-inner dark\" >\n\t\t\t<img decoding=\"async\" src=\"https:\/\/scon.com.vn\/wp-content\/uploads\/2022\/07\/zofc-b1-01.svg\" class=\"attachment-large size-large\" alt=\"ZOFC-B1\" \/>\t\t\t\t\t\t\n\t\t\t\t\t<\/div>\n\t\t\t\t\t\t<\/a>\t\t\n<style>\n#image_1092724750 {\n  width: 100%;\n}\n<\/style>\n\t<\/div>\n\t\n\n\n\t\t<\/div>\n\t<\/div>\n\t\n\t<div id=\"accordion-92802961\" class=\"accordion-item\">\n\t\t<a id=\"accordion-92802961-label\" class=\"accordion-title plain\" href=\"#accordion-item-zofc---b2\" aria-expanded=\"false\" aria-controls=\"accordion-92802961-content\" >\n\t\t\t<button class=\"toggle\" aria-label=\"Toggle\"><i class=\"icon-angle-down\"><\/i><\/button>\n\t\t\t<span>ZOFC - B2<\/span>\n\t\t<\/a>\n\t\t<div id=\"accordion-92802961-content\" class=\"accordion-inner\" aria-labelledby=\"accordion-92802961-label\" >\n\t\t\t\n\n\t<div class=\"img has-hover x md-x lg-x y md-y lg-y\" id=\"image_91189096\">\n\t\t<a class=\"\" href=\"https:\/\/scon.com.vn\/vi\/tat-ca-san-pham\/zofc-b2\/\" >\t\t\t\t\t\t<div class=\"img-inner dark\" >\n\t\t\t<img decoding=\"async\" src=\"https:\/\/scon.com.vn\/wp-content\/uploads\/2022\/09\/zofc-b2-01.svg\" class=\"attachment-large size-large\" alt=\"ZOFC-B2\" \/>\t\t\t\t\t\t\n\t\t\t\t\t<\/div>\n\t\t\t\t\t\t<\/a>\t\t\n<style>\n#image_91189096 {\n  width: 100%;\n}\n<\/style>\n\t<\/div>\n\t\n\n\n\t\t<\/div>\n\t<\/div>\n\t\n\t<div id=\"accordion-2555406229\" class=\"accordion-item\">\n\t\t<a id=\"accordion-2555406229-label\" class=\"accordion-title plain\" href=\"#accordion-item-bofc---b4\" aria-expanded=\"false\" aria-controls=\"accordion-2555406229-content\" >\n\t\t\t<button class=\"toggle\" aria-label=\"Toggle\"><i class=\"icon-angle-down\"><\/i><\/button>\n\t\t\t<span>BOFC - B4<\/span>\n\t\t<\/a>\n\t\t<div id=\"accordion-2555406229-content\" class=\"accordion-inner\" aria-labelledby=\"accordion-2555406229-label\" >\n\t\t\t\n\n\t<div class=\"img has-hover x md-x lg-x y md-y lg-y\" id=\"image_1001250840\">\n\t\t<a class=\"\" href=\"https:\/\/scon.com.vn\/vi\/tat-ca-san-pham\/bofc-b4\/\" >\t\t\t\t\t\t<div class=\"img-inner dark\" >\n\t\t\t<img loading=\"lazy\" decoding=\"async\" width=\"1563\" height=\"1875\" src=\"https:\/\/scon.com.vn\/wp-content\/uploads\/2024\/06\/SCON_Closure.jpg\" class=\"attachment-large size-large\" alt=\"\" srcset=\"https:\/\/scon.com.vn\/wp-content\/uploads\/2024\/06\/SCON_Closure.jpg 1563w, https:\/\/scon.com.vn\/wp-content\/uploads\/2024\/06\/SCON_Closure-768x921.jpg 768w, https:\/\/scon.com.vn\/wp-content\/uploads\/2024\/06\/SCON_Closure-1280x1536.jpg 1280w, https:\/\/scon.com.vn\/wp-content\/uploads\/2024\/06\/SCON_Closure-247x296.jpg 247w, https:\/\/scon.com.vn\/wp-content\/uploads\/2024\/06\/SCON_Closure-510x612.jpg 510w\" sizes=\"auto, (max-width: 1563px) 100vw, 1563px\" \/>\t\t\t\t\t\t\n\t\t\t\t\t<\/div>\n\t\t\t\t\t\t<\/a>\t\t\n<style>\n#image_1001250840 {\n  width: 100%;\n}\n<\/style>\n\t<\/div>\n\t\n\n\n\t\t<\/div>\n\t<\/div>\n\t\n\t<div id=\"accordion-747458927\" class=\"accordion-item\">\n\t\t<a id=\"accordion-747458927-label\" class=\"accordion-title plain\" href=\"#accordion-item-mini-ofd\" aria-expanded=\"false\" aria-controls=\"accordion-747458927-content\" >\n\t\t\t<button class=\"toggle\" aria-label=\"Toggle\"><i class=\"icon-angle-down\"><\/i><\/button>\n\t\t\t<span>Mini OFD<\/span>\n\t\t<\/a>\n\t\t<div id=\"accordion-747458927-content\" class=\"accordion-inner\" aria-labelledby=\"accordion-747458927-label\" >\n\t\t\t\n\n\t<div class=\"img has-hover x md-x lg-x y md-y lg-y\" id=\"image_226265220\">\n\t\t<a class=\"\" href=\"https:\/\/scon.com.vn\/vi\/tat-ca-san-pham\/mini-ofd-w008\/\" >\t\t\t\t\t\t<div class=\"img-inner dark\" >\n\t\t\t<img decoding=\"async\" src=\"https:\/\/scon.com.vn\/wp-content\/uploads\/2022\/07\/mini-ofd-01.svg\" class=\"attachment-large size-large\" alt=\"Mini OFD\" \/>\t\t\t\t\t\t\n\t\t\t\t\t<\/div>\n\t\t\t\t\t\t<\/a>\t\t\n<style>\n#image_226265220 {\n  width: 100%;\n}\n<\/style>\n\t<\/div>\n\t\n\n\n\t\t<\/div>\n\t<\/div>\n\t\n\n<\/div>\n\n\t\t<\/div>\n\t\t\t\t\n<style>\n#col-193950013 > .col-inner {\n  padding: 20px 10px 10px 10px;\n  border-radius: 15px;\n}\n<\/style>\n\t<\/div>\n\n\t\n\n<\/div>\n\n\t\t<\/div>\n\n\t\t\n<style>\n#section_194448987 {\n  padding-top: 0px;\n  padding-bottom: 0px;\n  background-color: rgb(234, 234, 234);\n}\n@media (min-width:850px) {\n  #section_194448987 {\n    padding-top: 10px;\n    padding-bottom: 10px;\n  }\n}\n<\/style>\n\t<\/section>\n\t\n","protected":false},"excerpt":{"rendered":"","protected":false},"author":2,"featured_media":0,"parent":0,"menu_order":0,"comment_status":"closed","ping_status":"closed","template":"","meta":{"footnotes":""},"class_list":["post-347","page","type-page","status-publish","hentry"],"yoast_head":"<!-- This site is optimized with the Yoast SEO plugin v27.1.1 - https:\/\/yoast.com\/product\/yoast-seo-wordpress\/ -->\n<title>S\u1ea3n ph\u1ea9m - C\u00f4ng ty TNHH SCON - Fiber Optics<\/title>\n<meta name=\"description\" content=\"C\u00f4ng ty TNHH SCON chuy\u00ean v\u1ec1 s\u1ea3n xu\u1ea5t \u0111\u1ea7u n\u1ed1i c\u00e1p quang v\u00e0 h\u1ed9p quang. Tr\u1ee5 s\u1edf ch\u00ednh \u0111\u1eb7t t\u1ea1i H\u00e0n Qu\u1ed1c.\" \/>\n<meta name=\"robots\" content=\"index, follow, max-snippet:-1, max-image-preview:large, max-video-preview:-1\" \/>\n<link rel=\"canonical\" href=\"https:\/\/scon.com.vn\/vi\/san-pham\/\" \/>\n<meta property=\"og:locale\" content=\"vi_VN\" \/>\n<meta property=\"og:type\" content=\"article\" \/>\n<meta property=\"og:title\" content=\"S\u1ea3n ph\u1ea9m - C\u00f4ng ty TNHH SCON - Fiber Optics\" \/>\n<meta property=\"og:description\" content=\"C\u00f4ng ty TNHH SCON chuy\u00ean v\u1ec1 s\u1ea3n xu\u1ea5t \u0111\u1ea7u n\u1ed1i c\u00e1p quang v\u00e0 h\u1ed9p quang. Tr\u1ee5 s\u1edf ch\u00ednh \u0111\u1eb7t t\u1ea1i H\u00e0n Qu\u1ed1c.\" \/>\n<meta property=\"og:url\" content=\"https:\/\/scon.com.vn\/vi\/san-pham\/\" \/>\n<meta property=\"og:site_name\" content=\"C\u00f4ng ty TNHH SCON - Fiber Optics\" \/>\n<meta property=\"article:publisher\" content=\"https:\/\/www.facebook.com\/scon.com.vn\" \/>\n<meta property=\"article:modified_time\" content=\"2022-07-29T09:18:01+00:00\" \/>\n<meta property=\"og:image\" content=\"https:\/\/scon.com.vn\/wp-content\/uploads\/2022\/11\/background-share-scon.png\" \/>\n\t<meta property=\"og:image:width\" content=\"1200\" \/>\n\t<meta property=\"og:image:height\" content=\"630\" \/>\n\t<meta property=\"og:image:type\" content=\"image\/png\" \/>\n<meta name=\"twitter:card\" content=\"summary_large_image\" \/>\n<meta name=\"twitter:label1\" content=\"\u01af\u1edbc t\u00ednh th\u1eddi gian \u0111\u1ecdc\" \/>\n\t<meta name=\"twitter:data1\" content=\"1 ph\u00fat\" \/>\n<script type=\"application\/ld+json\" class=\"yoast-schema-graph\">{\"@context\":\"https:\/\/schema.org\",\"@graph\":[{\"@type\":\"WebPage\",\"@id\":\"https:\/\/scon.com.vn\/vi\/san-pham\/\",\"url\":\"https:\/\/scon.com.vn\/vi\/san-pham\/\",\"name\":\"S\u1ea3n ph\u1ea9m - C\u00f4ng ty TNHH SCON - Fiber Optics\",\"isPartOf\":{\"@id\":\"https:\/\/scon.com.vn\/vi\/#website\"},\"datePublished\":\"2022-07-28T07:17:52+00:00\",\"dateModified\":\"2022-07-29T09:18:01+00:00\",\"description\":\"C\u00f4ng ty TNHH SCON chuy\u00ean v\u1ec1 s\u1ea3n xu\u1ea5t \u0111\u1ea7u n\u1ed1i c\u00e1p quang v\u00e0 h\u1ed9p quang. Tr\u1ee5 s\u1edf ch\u00ednh \u0111\u1eb7t t\u1ea1i H\u00e0n Qu\u1ed1c.\",\"inLanguage\":\"vi\",\"potentialAction\":[{\"@type\":\"ReadAction\",\"target\":[\"https:\/\/scon.com.vn\/vi\/san-pham\/\"]}]},{\"@type\":\"WebSite\",\"@id\":\"https:\/\/scon.com.vn\/vi\/#website\",\"url\":\"https:\/\/scon.com.vn\/vi\/\",\"name\":\"C\u00f4ng ty TNHH SCON - Fiber Optics\",\"description\":\"SCON\",\"publisher\":{\"@id\":\"https:\/\/scon.com.vn\/vi\/#organization\"},\"alternateName\":\"C\u00f4ng ty TNHH SCON - Fiber Optics\",\"potentialAction\":[{\"@type\":\"SearchAction\",\"target\":{\"@type\":\"EntryPoint\",\"urlTemplate\":\"https:\/\/scon.com.vn\/vi\/?s={search_term_string}\"},\"query-input\":{\"@type\":\"PropertyValueSpecification\",\"valueRequired\":true,\"valueName\":\"search_term_string\"}}],\"inLanguage\":\"vi\"},{\"@type\":\"Organization\",\"@id\":\"https:\/\/scon.com.vn\/vi\/#organization\",\"name\":\"C\u00f4ng ty TNHH SCON - Fiber Optics\",\"alternateName\":\"C\u00f4ng ty TNHH SCON - Fiber Optics\",\"url\":\"https:\/\/scon.com.vn\/vi\/\",\"logo\":{\"@type\":\"ImageObject\",\"inLanguage\":\"vi\",\"@id\":\"https:\/\/scon.com.vn\/vi\/#\/schema\/logo\/image\/\",\"url\":\"https:\/\/scon.com.vn\/wp-content\/uploads\/2022\/07\/scon-logo.svg\",\"contentUrl\":\"https:\/\/scon.com.vn\/wp-content\/uploads\/2022\/07\/scon-logo.svg\",\"width\":1,\"height\":1,\"caption\":\"C\u00f4ng ty TNHH SCON - Fiber Optics\"},\"image\":{\"@id\":\"https:\/\/scon.com.vn\/vi\/#\/schema\/logo\/image\/\"},\"sameAs\":[\"https:\/\/www.facebook.com\/scon.com.vn\"]}]}<\/script>\n<!-- \/ Yoast SEO plugin. -->","yoast_head_json":{"title":"S\u1ea3n ph\u1ea9m - C\u00f4ng ty TNHH SCON - Fiber Optics","description":"C\u00f4ng ty TNHH SCON chuy\u00ean v\u1ec1 s\u1ea3n xu\u1ea5t \u0111\u1ea7u n\u1ed1i c\u00e1p quang v\u00e0 h\u1ed9p quang. Tr\u1ee5 s\u1edf ch\u00ednh \u0111\u1eb7t t\u1ea1i H\u00e0n Qu\u1ed1c.","robots":{"index":"index","follow":"follow","max-snippet":"max-snippet:-1","max-image-preview":"max-image-preview:large","max-video-preview":"max-video-preview:-1"},"canonical":"https:\/\/scon.com.vn\/vi\/san-pham\/","og_locale":"vi_VN","og_type":"article","og_title":"S\u1ea3n ph\u1ea9m - C\u00f4ng ty TNHH SCON - Fiber Optics","og_description":"C\u00f4ng ty TNHH SCON chuy\u00ean v\u1ec1 s\u1ea3n xu\u1ea5t \u0111\u1ea7u n\u1ed1i c\u00e1p quang v\u00e0 h\u1ed9p quang. Tr\u1ee5 s\u1edf ch\u00ednh \u0111\u1eb7t t\u1ea1i H\u00e0n Qu\u1ed1c.","og_url":"https:\/\/scon.com.vn\/vi\/san-pham\/","og_site_name":"C\u00f4ng ty TNHH SCON - Fiber Optics","article_publisher":"https:\/\/www.facebook.com\/scon.com.vn","article_modified_time":"2022-07-29T09:18:01+00:00","og_image":[{"width":1200,"height":630,"url":"https:\/\/scon.com.vn\/wp-content\/uploads\/2022\/11\/background-share-scon.png","type":"image\/png"}],"twitter_card":"summary_large_image","twitter_misc":{"\u01af\u1edbc t\u00ednh th\u1eddi gian \u0111\u1ecdc":"1 ph\u00fat"},"schema":{"@context":"https:\/\/schema.org","@graph":[{"@type":"WebPage","@id":"https:\/\/scon.com.vn\/vi\/san-pham\/","url":"https:\/\/scon.com.vn\/vi\/san-pham\/","name":"S\u1ea3n ph\u1ea9m - C\u00f4ng ty TNHH SCON - Fiber Optics","isPartOf":{"@id":"https:\/\/scon.com.vn\/vi\/#website"},"datePublished":"2022-07-28T07:17:52+00:00","dateModified":"2022-07-29T09:18:01+00:00","description":"C\u00f4ng ty TNHH SCON chuy\u00ean v\u1ec1 s\u1ea3n xu\u1ea5t \u0111\u1ea7u n\u1ed1i c\u00e1p quang v\u00e0 h\u1ed9p quang. Tr\u1ee5 s\u1edf ch\u00ednh \u0111\u1eb7t t\u1ea1i H\u00e0n Qu\u1ed1c.","inLanguage":"vi","potentialAction":[{"@type":"ReadAction","target":["https:\/\/scon.com.vn\/vi\/san-pham\/"]}]},{"@type":"WebSite","@id":"https:\/\/scon.com.vn\/vi\/#website","url":"https:\/\/scon.com.vn\/vi\/","name":"C\u00f4ng ty TNHH SCON - Fiber Optics","description":"SCON","publisher":{"@id":"https:\/\/scon.com.vn\/vi\/#organization"},"alternateName":"C\u00f4ng ty TNHH SCON - Fiber Optics","potentialAction":[{"@type":"SearchAction","target":{"@type":"EntryPoint","urlTemplate":"https:\/\/scon.com.vn\/vi\/?s={search_term_string}"},"query-input":{"@type":"PropertyValueSpecification","valueRequired":true,"valueName":"search_term_string"}}],"inLanguage":"vi"},{"@type":"Organization","@id":"https:\/\/scon.com.vn\/vi\/#organization","name":"C\u00f4ng ty TNHH SCON - Fiber Optics","alternateName":"C\u00f4ng ty TNHH SCON - Fiber Optics","url":"https:\/\/scon.com.vn\/vi\/","logo":{"@type":"ImageObject","inLanguage":"vi","@id":"https:\/\/scon.com.vn\/vi\/#\/schema\/logo\/image\/","url":"https:\/\/scon.com.vn\/wp-content\/uploads\/2022\/07\/scon-logo.svg","contentUrl":"https:\/\/scon.com.vn\/wp-content\/uploads\/2022\/07\/scon-logo.svg","width":1,"height":1,"caption":"C\u00f4ng ty TNHH SCON - Fiber Optics"},"image":{"@id":"https:\/\/scon.com.vn\/vi\/#\/schema\/logo\/image\/"},"sameAs":["https:\/\/www.facebook.com\/scon.com.vn"]}]}},"_links":{"self":[{"href":"https:\/\/scon.com.vn\/vi\/wp-json\/wp\/v2\/pages\/347","targetHints":{"allow":["GET"]}}],"collection":[{"href":"https:\/\/scon.com.vn\/vi\/wp-json\/wp\/v2\/pages"}],"about":[{"href":"https:\/\/scon.com.vn\/vi\/wp-json\/wp\/v2\/types\/page"}],"author":[{"embeddable":true,"href":"https:\/\/scon.com.vn\/vi\/wp-json\/wp\/v2\/users\/2"}],"replies":[{"embeddable":true,"href":"https:\/\/scon.com.vn\/vi\/wp-json\/wp\/v2\/comments?post=347"}],"version-history":[{"count":0,"href":"https:\/\/scon.com.vn\/vi\/wp-json\/wp\/v2\/pages\/347\/revisions"}],"wp:attachment":[{"href":"https:\/\/scon.com.vn\/vi\/wp-json\/wp\/v2\/media?parent=347"}],"curies":[{"name":"wp","href":"https:\/\/api.w.org\/{rel}","templated":true}]}}