{"id":348,"date":"2022-07-28T14:19:50","date_gmt":"2022-07-28T07:19:50","guid":{"rendered":"\/tai-lieu\/"},"modified":"2022-07-29T16:19:11","modified_gmt":"2022-07-29T09:19:11","slug":"tai-lieu","status":"publish","type":"page","link":"https:\/\/scon.com.vn\/vi\/tai-lieu\/","title":{"rendered":"T\u00e0i li\u1ec7u"},"content":{"rendered":"\t<section class=\"section dark\" id=\"section_921882561\">\n\t\t<div class=\"bg section-bg fill bg-fill bg-loaded bg-loaded\" >\n\n\t\t\t\n\t\t\t\n\t\t\t\n\n\t\t<\/div>\n\n\t\t\n\n\t\t<div class=\"section-content relative\">\n\t\t\t\n\n\n\n<center><h1 class=\"uppercase\" style=\"color: #ffffff\">T\u00c0I LI\u1ec6U<\/h1>\n\n<hr align=\"center\" size=\"7px\" width=\"50px\">\n\n<h3 style=\"color: #ffffff\">Catalog S\u1ea3n Ph\u1ea9m<\/h3><\/center>\n\n\n\t\t<\/div>\n\n\t\t\n<style>\n#section_921882561 {\n  padding-top: 81px;\n  padding-bottom: 81px;\n  background-color: rgb(46, 46, 46);\n}\n<\/style>\n\t<\/section>\n\t\n<div class=\"row row-collapse row-full-width\"  id=\"row-1907052470\">\n\n\n\t<div id=\"col-1926458509\" class=\"col small-12 large-12 col-hover-fade\"  data-animate=\"blurIn\">\n\t\t\t\t<div class=\"col-inner\"  >\n\t\t\t\n\t\t\t\n\n\n\n<p style=\"text-align: center\"><a href=\"https:\/\/scon.com.vn\/vi\/noi-dung-dang-duoc-cap-nhat\/\"><img decoding=\"async\" class=\"alignnone\" src=\"https:\/\/scon.com.vn\/wp-content\/uploads\/2022\/07\/download.svg\" alt=\"Catalog S\u1ea3n Ph\u1ea9m\" width=\"200\"><\/a><\/p>\n<p style=\"text-align: center\"><a href=\"https:\/\/scon.com.vn\/vi\/noi-dung-dang-duoc-cap-nhat\/\"><strong><span style=\"font-family: helvetica, arial, sans-serif;font-size: 24px\">T\u1ea3i Catalog Ti\u1ebfng Anh<\/span><\/strong><\/a><\/p>\n\n\n\t\t<\/div>\n\t\t\t\t\t<\/div>\n\n\t\n\n\n<style>\n#row-1907052470 > .col > .col-inner {\n  padding: 100px 0px 100px 0px;\n  background-color: rgb(255, 255, 255);\n}\n<\/style>\n<\/div>\n","protected":false},"excerpt":{"rendered":"","protected":false},"author":2,"featured_media":0,"parent":0,"menu_order":0,"comment_status":"closed","ping_status":"closed","template":"","meta":{"footnotes":""},"class_list":["post-348","page","type-page","status-publish","hentry"],"yoast_head":"<!-- This site is optimized with the Yoast SEO plugin v27.1.1 - https:\/\/yoast.com\/product\/yoast-seo-wordpress\/ -->\n<title>T\u00e0i li\u1ec7u - C\u00f4ng ty TNHH SCON - Fiber Optics<\/title>\n<meta name=\"description\" content=\"C\u00f4ng ty TNHH SCON chuy\u00ean v\u1ec1 s\u1ea3n xu\u1ea5t \u0111\u1ea7u n\u1ed1i c\u00e1p quang v\u00e0 h\u1ed9p quang. Tr\u1ee5 s\u1edf ch\u00ednh \u0111\u1eb7t t\u1ea1i H\u00e0n Qu\u1ed1c.\" \/>\n<meta name=\"robots\" content=\"index, follow, max-snippet:-1, max-image-preview:large, max-video-preview:-1\" \/>\n<link rel=\"canonical\" href=\"https:\/\/scon.com.vn\/vi\/tai-lieu\/\" \/>\n<meta property=\"og:locale\" content=\"vi_VN\" \/>\n<meta property=\"og:type\" content=\"article\" \/>\n<meta property=\"og:title\" content=\"T\u00e0i li\u1ec7u - C\u00f4ng ty TNHH SCON - Fiber Optics\" \/>\n<meta property=\"og:description\" content=\"C\u00f4ng ty TNHH SCON chuy\u00ean v\u1ec1 s\u1ea3n xu\u1ea5t \u0111\u1ea7u n\u1ed1i c\u00e1p quang v\u00e0 h\u1ed9p quang. Tr\u1ee5 s\u1edf ch\u00ednh \u0111\u1eb7t t\u1ea1i H\u00e0n Qu\u1ed1c.\" \/>\n<meta property=\"og:url\" content=\"https:\/\/scon.com.vn\/vi\/tai-lieu\/\" \/>\n<meta property=\"og:site_name\" content=\"C\u00f4ng ty TNHH SCON - Fiber Optics\" \/>\n<meta property=\"article:publisher\" content=\"https:\/\/www.facebook.com\/scon.com.vn\" \/>\n<meta property=\"article:modified_time\" content=\"2022-07-29T09:19:11+00:00\" \/>\n<meta property=\"og:image\" content=\"https:\/\/scon.com.vn\/wp-content\/uploads\/2022\/11\/background-share-scon.png\" \/>\n\t<meta property=\"og:image:width\" content=\"1200\" \/>\n\t<meta property=\"og:image:height\" content=\"630\" \/>\n\t<meta property=\"og:image:type\" content=\"image\/png\" \/>\n<meta name=\"twitter:card\" content=\"summary_large_image\" \/>\n<meta name=\"twitter:label1\" content=\"\u01af\u1edbc t\u00ednh th\u1eddi gian \u0111\u1ecdc\" \/>\n\t<meta name=\"twitter:data1\" content=\"1 ph\u00fat\" \/>\n<script type=\"application\/ld+json\" class=\"yoast-schema-graph\">{\"@context\":\"https:\/\/schema.org\",\"@graph\":[{\"@type\":\"WebPage\",\"@id\":\"https:\/\/scon.com.vn\/vi\/tai-lieu\/\",\"url\":\"https:\/\/scon.com.vn\/vi\/tai-lieu\/\",\"name\":\"T\u00e0i li\u1ec7u - C\u00f4ng ty TNHH SCON - Fiber Optics\",\"isPartOf\":{\"@id\":\"https:\/\/scon.com.vn\/vi\/#website\"},\"datePublished\":\"2022-07-28T07:19:50+00:00\",\"dateModified\":\"2022-07-29T09:19:11+00:00\",\"description\":\"C\u00f4ng ty TNHH SCON chuy\u00ean v\u1ec1 s\u1ea3n xu\u1ea5t \u0111\u1ea7u n\u1ed1i c\u00e1p quang v\u00e0 h\u1ed9p quang. Tr\u1ee5 s\u1edf ch\u00ednh \u0111\u1eb7t t\u1ea1i H\u00e0n Qu\u1ed1c.\",\"inLanguage\":\"vi\",\"potentialAction\":[{\"@type\":\"ReadAction\",\"target\":[\"https:\/\/scon.com.vn\/vi\/tai-lieu\/\"]}]},{\"@type\":\"WebSite\",\"@id\":\"https:\/\/scon.com.vn\/vi\/#website\",\"url\":\"https:\/\/scon.com.vn\/vi\/\",\"name\":\"C\u00f4ng ty TNHH SCON - Fiber Optics\",\"description\":\"SCON\",\"publisher\":{\"@id\":\"https:\/\/scon.com.vn\/vi\/#organization\"},\"alternateName\":\"C\u00f4ng ty TNHH SCON - Fiber Optics\",\"potentialAction\":[{\"@type\":\"SearchAction\",\"target\":{\"@type\":\"EntryPoint\",\"urlTemplate\":\"https:\/\/scon.com.vn\/vi\/?s={search_term_string}\"},\"query-input\":{\"@type\":\"PropertyValueSpecification\",\"valueRequired\":true,\"valueName\":\"search_term_string\"}}],\"inLanguage\":\"vi\"},{\"@type\":\"Organization\",\"@id\":\"https:\/\/scon.com.vn\/vi\/#organization\",\"name\":\"C\u00f4ng ty TNHH SCON - Fiber Optics\",\"alternateName\":\"C\u00f4ng ty TNHH SCON - Fiber Optics\",\"url\":\"https:\/\/scon.com.vn\/vi\/\",\"logo\":{\"@type\":\"ImageObject\",\"inLanguage\":\"vi\",\"@id\":\"https:\/\/scon.com.vn\/vi\/#\/schema\/logo\/image\/\",\"url\":\"https:\/\/scon.com.vn\/wp-content\/uploads\/2022\/07\/scon-logo.svg\",\"contentUrl\":\"https:\/\/scon.com.vn\/wp-content\/uploads\/2022\/07\/scon-logo.svg\",\"width\":1,\"height\":1,\"caption\":\"C\u00f4ng ty TNHH SCON - Fiber Optics\"},\"image\":{\"@id\":\"https:\/\/scon.com.vn\/vi\/#\/schema\/logo\/image\/\"},\"sameAs\":[\"https:\/\/www.facebook.com\/scon.com.vn\"]}]}<\/script>\n<!-- \/ Yoast SEO plugin. -->","yoast_head_json":{"title":"T\u00e0i li\u1ec7u - C\u00f4ng ty TNHH SCON - Fiber Optics","description":"C\u00f4ng ty TNHH SCON chuy\u00ean v\u1ec1 s\u1ea3n xu\u1ea5t \u0111\u1ea7u n\u1ed1i c\u00e1p quang v\u00e0 h\u1ed9p quang. Tr\u1ee5 s\u1edf ch\u00ednh \u0111\u1eb7t t\u1ea1i H\u00e0n Qu\u1ed1c.","robots":{"index":"index","follow":"follow","max-snippet":"max-snippet:-1","max-image-preview":"max-image-preview:large","max-video-preview":"max-video-preview:-1"},"canonical":"https:\/\/scon.com.vn\/vi\/tai-lieu\/","og_locale":"vi_VN","og_type":"article","og_title":"T\u00e0i li\u1ec7u - C\u00f4ng ty TNHH SCON - Fiber Optics","og_description":"C\u00f4ng ty TNHH SCON chuy\u00ean v\u1ec1 s\u1ea3n xu\u1ea5t \u0111\u1ea7u n\u1ed1i c\u00e1p quang v\u00e0 h\u1ed9p quang. Tr\u1ee5 s\u1edf ch\u00ednh \u0111\u1eb7t t\u1ea1i H\u00e0n Qu\u1ed1c.","og_url":"https:\/\/scon.com.vn\/vi\/tai-lieu\/","og_site_name":"C\u00f4ng ty TNHH SCON - Fiber Optics","article_publisher":"https:\/\/www.facebook.com\/scon.com.vn","article_modified_time":"2022-07-29T09:19:11+00:00","og_image":[{"width":1200,"height":630,"url":"https:\/\/scon.com.vn\/wp-content\/uploads\/2022\/11\/background-share-scon.png","type":"image\/png"}],"twitter_card":"summary_large_image","twitter_misc":{"\u01af\u1edbc t\u00ednh th\u1eddi gian \u0111\u1ecdc":"1 ph\u00fat"},"schema":{"@context":"https:\/\/schema.org","@graph":[{"@type":"WebPage","@id":"https:\/\/scon.com.vn\/vi\/tai-lieu\/","url":"https:\/\/scon.com.vn\/vi\/tai-lieu\/","name":"T\u00e0i li\u1ec7u - C\u00f4ng ty TNHH SCON - Fiber Optics","isPartOf":{"@id":"https:\/\/scon.com.vn\/vi\/#website"},"datePublished":"2022-07-28T07:19:50+00:00","dateModified":"2022-07-29T09:19:11+00:00","description":"C\u00f4ng ty TNHH SCON chuy\u00ean v\u1ec1 s\u1ea3n xu\u1ea5t \u0111\u1ea7u n\u1ed1i c\u00e1p quang v\u00e0 h\u1ed9p quang. Tr\u1ee5 s\u1edf ch\u00ednh \u0111\u1eb7t t\u1ea1i H\u00e0n Qu\u1ed1c.","inLanguage":"vi","potentialAction":[{"@type":"ReadAction","target":["https:\/\/scon.com.vn\/vi\/tai-lieu\/"]}]},{"@type":"WebSite","@id":"https:\/\/scon.com.vn\/vi\/#website","url":"https:\/\/scon.com.vn\/vi\/","name":"C\u00f4ng ty TNHH SCON - Fiber Optics","description":"SCON","publisher":{"@id":"https:\/\/scon.com.vn\/vi\/#organization"},"alternateName":"C\u00f4ng ty TNHH SCON - Fiber Optics","potentialAction":[{"@type":"SearchAction","target":{"@type":"EntryPoint","urlTemplate":"https:\/\/scon.com.vn\/vi\/?s={search_term_string}"},"query-input":{"@type":"PropertyValueSpecification","valueRequired":true,"valueName":"search_term_string"}}],"inLanguage":"vi"},{"@type":"Organization","@id":"https:\/\/scon.com.vn\/vi\/#organization","name":"C\u00f4ng ty TNHH SCON - Fiber Optics","alternateName":"C\u00f4ng ty TNHH SCON - Fiber Optics","url":"https:\/\/scon.com.vn\/vi\/","logo":{"@type":"ImageObject","inLanguage":"vi","@id":"https:\/\/scon.com.vn\/vi\/#\/schema\/logo\/image\/","url":"https:\/\/scon.com.vn\/wp-content\/uploads\/2022\/07\/scon-logo.svg","contentUrl":"https:\/\/scon.com.vn\/wp-content\/uploads\/2022\/07\/scon-logo.svg","width":1,"height":1,"caption":"C\u00f4ng ty TNHH SCON - Fiber Optics"},"image":{"@id":"https:\/\/scon.com.vn\/vi\/#\/schema\/logo\/image\/"},"sameAs":["https:\/\/www.facebook.com\/scon.com.vn"]}]}},"_links":{"self":[{"href":"https:\/\/scon.com.vn\/vi\/wp-json\/wp\/v2\/pages\/348","targetHints":{"allow":["GET"]}}],"collection":[{"href":"https:\/\/scon.com.vn\/vi\/wp-json\/wp\/v2\/pages"}],"about":[{"href":"https:\/\/scon.com.vn\/vi\/wp-json\/wp\/v2\/types\/page"}],"author":[{"embeddable":true,"href":"https:\/\/scon.com.vn\/vi\/wp-json\/wp\/v2\/users\/2"}],"replies":[{"embeddable":true,"href":"https:\/\/scon.com.vn\/vi\/wp-json\/wp\/v2\/comments?post=348"}],"version-history":[{"count":0,"href":"https:\/\/scon.com.vn\/vi\/wp-json\/wp\/v2\/pages\/348\/revisions"}],"wp:attachment":[{"href":"https:\/\/scon.com.vn\/vi\/wp-json\/wp\/v2\/media?parent=348"}],"curies":[{"name":"wp","href":"https:\/\/api.w.org\/{rel}","templated":true}]}}