{"id":93,"date":"2022-07-27T16:37:35","date_gmt":"2022-07-27T09:37:35","guid":{"rendered":"\/privacy-policy\/"},"modified":"2022-07-29T16:13:01","modified_gmt":"2022-07-29T09:13:01","slug":"chinh-sach-bao-mat","status":"publish","type":"page","link":"https:\/\/scon.com.vn\/vi\/chinh-sach-bao-mat\/","title":{"rendered":"Ch\u00ednh s\u00e1ch b\u1ea3o m\u1eadt"},"content":{"rendered":"\t<div id=\"gap-2108185967\" class=\"gap-element clearfix\" style=\"display:block; height:auto;\">\n\t\t\n<style>\n#gap-2108185967 {\n  padding-top: 30px;\n}\n<\/style>\n\t<\/div>\n\t\r\n\r\n<div class=\"container section-title-container\" ><h3 class=\"section-title section-title-center\"><b><\/b><span class=\"section-title-main\" >Ch\u00ednh s\u00e1ch b\u1ea3o m\u1eadt<\/span><b><\/b><\/h3><\/div>\r\n\r\n\t<section class=\"section\" id=\"section_89145577\">\n\t\t<div class=\"bg section-bg fill bg-fill bg-loaded bg-loaded\" >\n\n\t\t\t\n\t\t\t\n\t\t\t\n\n\t\t<\/div>\n\n\t\t\n\n\t\t<div class=\"section-content relative\">\n\t\t\t\r\n\r\n<div class=\"row\" style=\"max-width:1200px\" id=\"row-1344282260\">\r\n\r\n\n\t<div id=\"col-725503230\" class=\"col small-12 large-12\"  >\n\t\t\t\t<div class=\"col-inner\" style=\"background-color:rgb(255, 255, 255);\" >\n\t\t\t\n\t\t\t\r\n\r\n<blockquote>\n<p style=\"text-align: right;\"><em><strong>C\u1eadp nh\u1eadt l\u1ea7n cu\u1ed1i: 07\/07, 2022 <\/strong><\/em><\/p>\n<\/blockquote>\n<p><strong>Ch\u00ednh s\u00e1ch b\u1ea3o m\u1eadt n\u00e0y (\"Ch\u00ednh s\u00e1ch\") s\u1ebd gi\u00fap b\u1ea1n hi\u1ec3u c\u00e1ch C\u00f4ng ty TNHH SCON. Ch\u00fang t\u00f4i s\u1eed d\u1ee5ng v\u00e0 b\u1ea3o v\u1ec7 d\u1eef li\u1ec7u b\u1ea1n cung c\u1ea5p cho ch\u00fang t\u00f4i khi b\u1ea1n truy c\u1eadp v\u00e0 s\u1eed d\u1ee5ng http:\/\/scon.com.vn (\"trang web\", \"d\u1ecbch v\u1ee5\").<\/strong><\/p>\n<p>Ch\u00fang t\u00f4i c\u00f3 quy\u1ec1n thay \u0111\u1ed5i ch\u00ednh s\u00e1ch n\u00e0y v\u00e0o b\u1ea5t k\u1ef3 th\u1eddi \u0111i\u1ec3m n\u00e0o m\u00e0 b\u1ea1n s\u1ebd \u0111\u01b0\u1ee3c c\u1eadp nh\u1eadt k\u1ecbp th\u1eddi. N\u1ebfu b\u1ea1n mu\u1ed1n \u0111\u1ea3m b\u1ea3o r\u1eb1ng b\u1ea1n lu\u00f4n c\u1eadp nh\u1eadt nh\u1eefng thay \u0111\u1ed5i m\u1edbi nh\u1ea5t, ch\u00fang t\u00f4i khuy\u00ean b\u1ea1n n\u00ean th\u01b0\u1eddng xuy\u00ean truy c\u1eadp trang n\u00e0y.<\/p>\n<p><strong>1. D\u1eef li\u1ec7u ng\u01b0\u1eddi d\u00f9ng n\u00e0o ch\u00fang t\u00f4i thu th\u1eadp<\/strong><\/p>\n<p>Khi b\u1ea1n truy c\u1eadp trang web, ch\u00fang t\u00f4i c\u00f3 th\u1ec3 thu th\u1eadp c\u00e1c d\u1eef li\u1ec7u sau:<\/p>\n<blockquote>\n<p>\u0110\u1ecba ch\u1ec9 IP c\u1ee7a b\u1ea1n.<\/p>\n<p>Th\u00f4ng tin li\u00ean h\u1ec7 v\u00e0 \u0111\u1ecba ch\u1ec9 email c\u1ee7a b\u1ea1n.<\/p>\n<p>C\u00e1c th\u00f4ng tin kh\u00e1c nh\u01b0 s\u1edf th\u00edch v\u00e0 s\u1edf th\u00edch.<\/p>\n<p>H\u1ed3 s\u01a1 d\u1eef li\u1ec7u v\u1ec1 h\u00e0nh vi tr\u1ef1c tuy\u1ebfn c\u1ee7a b\u1ea1n tr\u00ean trang web c\u1ee7a ch\u00fang t\u00f4i.<\/p>\n<\/blockquote>\n<p><strong>2. T\u1ea1i sao ch\u00fang t\u00f4i thu th\u1eadp d\u1eef li\u1ec7u c\u1ee7a b\u1ea1n<\/strong><\/p>\n<p>Ch\u00fang t\u00f4i \u0111ang thu th\u1eadp d\u1eef li\u1ec7u c\u1ee7a b\u1ea1n v\u00ec m\u1ed9t s\u1ed1 l\u00fd do:<\/p>\n<blockquote>\n<p>\u0110\u1ec3 hi\u1ec3u r\u00f5 h\u01a1n v\u1ec1 nhu c\u1ea7u c\u1ee7a b\u1ea1n.<\/p>\n<p>\u0110\u1ec3 c\u1ea3i thi\u1ec7n d\u1ecbch v\u1ee5 v\u00e0 s\u1ea3n ph\u1ea9m c\u1ee7a ch\u00fang t\u00f4i.<\/p>\n<p>\u0110\u1ec3 g\u1eedi cho b\u1ea1n c\u00e1c email qu\u1ea3ng c\u00e1o ch\u1ee9a th\u00f4ng tin m\u00e0 ch\u00fang t\u00f4i ngh\u0129 r\u1eb1ng b\u1ea1n s\u1ebd th\u1ea5y th\u00fa v\u1ecb.<\/p>\n<p>\u0110\u1ec3 li\u00ean h\u1ec7 v\u1edbi b\u1ea1n \u0111\u1ec3 \u0111i\u1ec1n v\u00e0o c\u00e1c cu\u1ed9c kh\u1ea3o s\u00e1t v\u00e0 tham gia v\u00e0o c\u00e1c lo\u1ea1i nghi\u00ean c\u1ee9u th\u1ecb tr\u01b0\u1eddng kh\u00e1c.<\/p>\n<p>\u0110\u1ec3 t\u00f9y ch\u1ec9nh trang web c\u1ee7a ch\u00fang t\u00f4i theo h\u00e0nh vi tr\u1ef1c tuy\u1ebfn v\u00e0 s\u1edf th\u00edch c\u00e1 nh\u00e2n c\u1ee7a b\u1ea1n.<\/p>\n<\/blockquote>\n<p><strong>3. B\u1ea3o v\u1ec7 v\u00e0 b\u1ea3o m\u1eadt d\u1eef li\u1ec7u<\/strong><\/p>\n<blockquote>\n<p>C\u00f4ng ty TNHH SCON cam k\u1ebft b\u1ea3o m\u1eadt d\u1eef li\u1ec7u c\u1ee7a b\u1ea1n v\u00e0 gi\u1eef b\u00ed m\u1eadt. C\u00f4ng ty TNHH SCON \u0111\u00e3 l\u00e0m t\u1ea5t c\u1ea3 kh\u1ea3 n\u0103ng c\u1ee7a m\u00ecnh \u0111\u1ec3 ng\u0103n ch\u1eb7n vi\u1ec7c \u0111\u00e1nh c\u1eafp d\u1eef li\u1ec7u, truy c\u1eadp tr\u00e1i ph\u00e9p v\u00e0 ti\u1ebft l\u1ed9 b\u1eb1ng c\u00e1ch tri\u1ec3n khai c\u00e1c c\u00f4ng ngh\u1ec7 v\u00e0 ph\u1ea7n m\u1ec1m m\u1edbi nh\u1ea5t, gi\u00fap ch\u00fang t\u00f4i b\u1ea3o v\u1ec7 t\u1ea5t c\u1ea3 th\u00f4ng tin ch\u00fang t\u00f4i thu th\u1eadp tr\u1ef1c tuy\u1ebfn.<\/p>\n<\/blockquote>\n<p><strong>4. Ch\u00ednh s\u00e1ch Cookie c\u1ee7a ch\u00fang t\u00f4i<\/strong><\/p>\n<blockquote>\n<p>Khi b\u1ea1n \u0111\u1ed3ng \u00fd cho ph\u00e9p trang web c\u1ee7a ch\u00fang t\u00f4i s\u1eed d\u1ee5ng cookie, b\u1ea1n c\u0169ng \u0111\u1ed3ng \u00fd s\u1eed d\u1ee5ng d\u1eef li\u1ec7u m\u00e0 n\u00f3 thu th\u1eadp li\u00ean quan \u0111\u1ebfn h\u00e0nh vi tr\u1ef1c tuy\u1ebfn c\u1ee7a b\u1ea1n (ph\u00e2n t\u00edch l\u01b0u l\u01b0\u1ee3ng truy c\u1eadp web, c\u00e1c trang web b\u1ea1n d\u00e0nh nhi\u1ec1u th\u1eddi gian nh\u1ea5t v\u00e0 c\u00e1c trang web b\u1ea1n truy c\u1eadp).<\/p>\n<p>D\u1eef li\u1ec7u ch\u00fang t\u00f4i thu th\u1eadp b\u1eb1ng c\u00e1ch s\u1eed d\u1ee5ng cookie \u0111\u01b0\u1ee3c s\u1eed d\u1ee5ng \u0111\u1ec3 t\u00f9y ch\u1ec9nh trang web c\u1ee7a ch\u00fang t\u00f4i theo nhu c\u1ea7u c\u1ee7a b\u1ea1n. Sau khi ch\u00fang t\u00f4i s\u1eed d\u1ee5ng d\u1eef li\u1ec7u \u0111\u1ec3 ph\u00e2n t\u00edch th\u1ed1ng k\u00ea, d\u1eef li\u1ec7u s\u1ebd b\u1ecb x\u00f3a ho\u00e0n to\u00e0n kh\u1ecfi h\u1ec7 th\u1ed1ng c\u1ee7a ch\u00fang t\u00f4i.<\/p>\n<p>Xin l\u01b0u \u00fd r\u1eb1ng cookie kh\u00f4ng cho ph\u00e9p ch\u00fang t\u00f4i gi\u00e0nh quy\u1ec1n ki\u1ec3m so\u00e1t m\u00e1y t\u00ednh c\u1ee7a b\u1ea1n theo b\u1ea5t k\u1ef3 c\u00e1ch n\u00e0o. Ch\u00fang \u0111\u01b0\u1ee3c s\u1eed d\u1ee5ng nghi\u00eam ng\u1eb7t \u0111\u1ec3 theo d\u00f5i trang n\u00e0o b\u1ea1n th\u1ea5y h\u1eefu \u00edch v\u00e0 trang n\u00e0o b\u1ea1n kh\u00f4ng th\u1ea5y \u0111\u1ec3 ch\u00fang t\u00f4i c\u00f3 th\u1ec3 cung c\u1ea5p tr\u1ea3i nghi\u1ec7m t\u1ed1t h\u01a1n cho b\u1ea1n.<\/p>\n<p>N\u1ebfu b\u1ea1n mu\u1ed1n t\u1eaft cookie, b\u1ea1n c\u00f3 th\u1ec3 l\u00e0m \u0111i\u1ec1u \u0111\u00f3 b\u1eb1ng c\u00e1ch truy c\u1eadp c\u00e0i \u0111\u1eb7t c\u1ee7a tr\u00ecnh duy\u1ec7t internet c\u1ee7a b\u1ea1n.<\/p>\n<\/blockquote>\n<p><strong>5. Li\u00ean k\u1ebft \u0111\u1ebfn c\u00e1c trang web kh\u00e1c<\/strong><\/p>\n<blockquote>\n<p>Trang web c\u1ee7a ch\u00fang t\u00f4i ch\u1ee9a c\u00e1c li\u00ean k\u1ebft d\u1eabn \u0111\u1ebfn c\u00e1c trang web kh\u00e1c. N\u1ebfu b\u1ea1n nh\u1ea5p v\u00e0o c\u00e1c li\u00ean k\u1ebft n\u00e0y th\u00ec c\u00f4ng ty TNHH SCON kh\u00f4ng ch\u1ecbu tr\u00e1ch nhi\u1ec7m v\u1ec1 b\u1ea3o v\u1ec7 d\u1eef li\u1ec7u v\u00e0 quy\u1ec1n ri\u00eang t\u01b0 c\u1ee7a b\u1ea1n. Vi\u1ec7c truy c\u1eadp c\u00e1c trang web \u0111\u00f3 kh\u00f4ng b\u1ecb \u0111i\u1ec1u ch\u1ec9nh b\u1edfi th\u1ecfa thu\u1eadn ch\u00ednh s\u00e1ch b\u1ea3o m\u1eadt n\u00e0y. \u0110\u1ea3m b\u1ea3o \u0111\u1ecdc t\u00e0i li\u1ec7u ch\u00ednh s\u00e1ch b\u1ea3o m\u1eadt c\u1ee7a trang web m\u00e0 b\u1ea1n truy c\u1eadp t\u1eeb trang web c\u1ee7a ch\u00fang t\u00f4i.<\/p>\n<\/blockquote>\n<p><strong>6. H\u1ea1n ch\u1ebf vi\u1ec7c thu th\u1eadp d\u1eef li\u1ec7u c\u00e1 nh\u00e2n c\u1ee7a b\u1ea1n<\/strong><\/p>\n<blockquote>\n<p>T\u1ea1i m\u1ed9t s\u1ed1 \u0111i\u1ec3m, b\u1ea1n c\u00f3 th\u1ec3 mu\u1ed1n h\u1ea1n ch\u1ebf vi\u1ec7c s\u1eed d\u1ee5ng v\u00e0 thu th\u1eadp d\u1eef li\u1ec7u c\u00e1 nh\u00e2n c\u1ee7a m\u00ecnh. B\u1ea1n c\u00f3 th\u1ec3 \u0111\u1ea1t \u0111\u01b0\u1ee3c \u0111i\u1ec1u n\u00e0y b\u1eb1ng c\u00e1ch li\u00ean h\u1ec7 v\u1edbi ch\u00fang t\u00f4i qua email.<\/p>\n<p>C\u00f4ng ty TNHH SCON s\u1ebd kh\u00f4ng cho thu\u00ea, b\u00e1n ho\u1eb7c ph\u00e2n ph\u1ed1i th\u00f4ng tin c\u00e1 nh\u00e2n c\u1ee7a b\u1ea1n cho b\u1ea5t k\u1ef3 b\u00ean th\u1ee9 ba n\u00e0o, tr\u1eeb khi ch\u00fang t\u00f4i c\u00f3 s\u1ef1 cho ph\u00e9p c\u1ee7a b\u1ea1n. Ch\u00fang t\u00f4i c\u00f3 th\u1ec3 l\u00e0m nh\u01b0 v\u1eady n\u1ebfu lu\u1eadt ph\u00e1p bu\u1ed9c ch\u00fang t\u00f4i.<\/p>\n<\/blockquote>\n<p><strong>7. Li\u00ean h\u1ec7<\/strong><\/p>\n<blockquote>\n<p>N\u1ebfu b\u1ea1n c\u00f3 b\u1ea5t k\u1ef3 c\u00e2u h\u1ecfi n\u00e0o v\u1ec1 Ch\u00ednh s\u00e1ch c\u1ee7a ch\u00fang t\u00f4i, vui l\u00f2ng li\u00ean h\u1ec7 v\u1edbi ch\u00fang t\u00f4i.<\/p>\n<\/blockquote>\n<p><i class=\"fa-solid fa-user-tie\"><\/i> <strong>Heesu Kim<\/strong><br><i class=\"fa-solid fa-phone\"><\/i> +84 - (0) 274-222-2075 ~ 77<br><i class=\"fa-solid fa-envelope\"><\/i> scon@scon.co.kr<\/p>\n\t<div id=\"gap-1225796459\" class=\"gap-element clearfix\" style=\"display:block; height:auto;\">\n\t\t\n<style>\n#gap-1225796459 {\n  padding-top: 10px;\n}\n<\/style>\n\t<\/div>\n\t\r\n\r\n\r\n\t\t<\/div>\n\t\t\t\t\t<\/div>\n\n\t\r\n\r\n\n<style>\n#row-1344282260 > .col > .col-inner {\n  padding: 10px 0px 0px 10px;\n  background-color: rgb(255, 255, 255);\n}\n<\/style>\n<\/div>\r\n\r\n\t\t<\/div>\n\n\t\t\n<style>\n#section_89145577 {\n  padding-top: 30px;\n  padding-bottom: 30px;\n  background-color: rgb(247, 247, 247);\n}\n<\/style>\n\t<\/section>\n\t\n","protected":false},"excerpt":{"rendered":"","protected":false},"author":1,"featured_media":0,"parent":0,"menu_order":0,"comment_status":"closed","ping_status":"closed","template":"","meta":{"footnotes":""},"class_list":["post-93","page","type-page","status-publish","hentry"],"yoast_head":"<!-- This site is optimized with the Yoast SEO plugin v27.1.1 - https:\/\/yoast.com\/product\/yoast-seo-wordpress\/ -->\n<title>Ch\u00ednh s\u00e1ch b\u1ea3o m\u1eadt - C\u00f4ng ty TNHH SCON - Fiber Optics<\/title>\n<meta name=\"description\" content=\"C\u00f4ng ty TNHH SCON chuy\u00ean v\u1ec1 s\u1ea3n xu\u1ea5t \u0111\u1ea7u n\u1ed1i c\u00e1p quang v\u00e0 h\u1ed9p quang. Tr\u1ee5 s\u1edf ch\u00ednh \u0111\u1eb7t t\u1ea1i H\u00e0n Qu\u1ed1c.\" \/>\n<meta name=\"robots\" content=\"index, follow, max-snippet:-1, max-image-preview:large, max-video-preview:-1\" \/>\n<link rel=\"canonical\" href=\"https:\/\/scon.com.vn\/vi\/chinh-sach-bao-mat\/\" \/>\n<meta property=\"og:locale\" content=\"vi_VN\" \/>\n<meta property=\"og:type\" content=\"article\" \/>\n<meta property=\"og:title\" content=\"Ch\u00ednh s\u00e1ch b\u1ea3o m\u1eadt - C\u00f4ng ty TNHH SCON - Fiber Optics\" \/>\n<meta property=\"og:description\" content=\"C\u00f4ng ty TNHH SCON chuy\u00ean v\u1ec1 s\u1ea3n xu\u1ea5t \u0111\u1ea7u n\u1ed1i c\u00e1p quang v\u00e0 h\u1ed9p quang. Tr\u1ee5 s\u1edf ch\u00ednh \u0111\u1eb7t t\u1ea1i H\u00e0n Qu\u1ed1c.\" \/>\n<meta property=\"og:url\" content=\"https:\/\/scon.com.vn\/vi\/chinh-sach-bao-mat\/\" \/>\n<meta property=\"og:site_name\" content=\"C\u00f4ng ty TNHH SCON - Fiber Optics\" \/>\n<meta property=\"article:publisher\" content=\"https:\/\/www.facebook.com\/scon.com.vn\" \/>\n<meta property=\"article:modified_time\" content=\"2022-07-29T09:13:01+00:00\" \/>\n<meta property=\"og:image\" content=\"https:\/\/scon.com.vn\/wp-content\/uploads\/2022\/11\/background-share-scon.png\" \/>\n\t<meta property=\"og:image:width\" content=\"1200\" \/>\n\t<meta property=\"og:image:height\" content=\"630\" \/>\n\t<meta property=\"og:image:type\" content=\"image\/png\" \/>\n<meta name=\"twitter:card\" content=\"summary_large_image\" \/>\n<meta name=\"twitter:label1\" content=\"\u01af\u1edbc t\u00ednh th\u1eddi gian \u0111\u1ecdc\" \/>\n\t<meta name=\"twitter:data1\" content=\"1 ph\u00fat\" \/>\n<script type=\"application\/ld+json\" class=\"yoast-schema-graph\">{\"@context\":\"https:\/\/schema.org\",\"@graph\":[{\"@type\":\"WebPage\",\"@id\":\"https:\/\/scon.com.vn\/vi\/chinh-sach-bao-mat\/\",\"url\":\"https:\/\/scon.com.vn\/vi\/chinh-sach-bao-mat\/\",\"name\":\"Ch\u00ednh s\u00e1ch b\u1ea3o m\u1eadt - C\u00f4ng ty TNHH SCON - Fiber Optics\",\"isPartOf\":{\"@id\":\"https:\/\/scon.com.vn\/vi\/#website\"},\"datePublished\":\"2022-07-27T09:37:35+00:00\",\"dateModified\":\"2022-07-29T09:13:01+00:00\",\"description\":\"C\u00f4ng ty TNHH SCON chuy\u00ean v\u1ec1 s\u1ea3n xu\u1ea5t \u0111\u1ea7u n\u1ed1i c\u00e1p quang v\u00e0 h\u1ed9p quang. Tr\u1ee5 s\u1edf ch\u00ednh \u0111\u1eb7t t\u1ea1i H\u00e0n Qu\u1ed1c.\",\"inLanguage\":\"vi\",\"potentialAction\":[{\"@type\":\"ReadAction\",\"target\":[\"https:\/\/scon.com.vn\/vi\/chinh-sach-bao-mat\/\"]}]},{\"@type\":\"WebSite\",\"@id\":\"https:\/\/scon.com.vn\/vi\/#website\",\"url\":\"https:\/\/scon.com.vn\/vi\/\",\"name\":\"C\u00f4ng ty TNHH SCON - Fiber Optics\",\"description\":\"SCON\",\"publisher\":{\"@id\":\"https:\/\/scon.com.vn\/vi\/#organization\"},\"alternateName\":\"C\u00f4ng ty TNHH SCON - Fiber Optics\",\"potentialAction\":[{\"@type\":\"SearchAction\",\"target\":{\"@type\":\"EntryPoint\",\"urlTemplate\":\"https:\/\/scon.com.vn\/vi\/?s={search_term_string}\"},\"query-input\":{\"@type\":\"PropertyValueSpecification\",\"valueRequired\":true,\"valueName\":\"search_term_string\"}}],\"inLanguage\":\"vi\"},{\"@type\":\"Organization\",\"@id\":\"https:\/\/scon.com.vn\/vi\/#organization\",\"name\":\"C\u00f4ng ty TNHH SCON - Fiber Optics\",\"alternateName\":\"C\u00f4ng ty TNHH SCON - Fiber Optics\",\"url\":\"https:\/\/scon.com.vn\/vi\/\",\"logo\":{\"@type\":\"ImageObject\",\"inLanguage\":\"vi\",\"@id\":\"https:\/\/scon.com.vn\/vi\/#\/schema\/logo\/image\/\",\"url\":\"https:\/\/scon.com.vn\/wp-content\/uploads\/2022\/07\/scon-logo.svg\",\"contentUrl\":\"https:\/\/scon.com.vn\/wp-content\/uploads\/2022\/07\/scon-logo.svg\",\"width\":1,\"height\":1,\"caption\":\"C\u00f4ng ty TNHH SCON - Fiber Optics\"},\"image\":{\"@id\":\"https:\/\/scon.com.vn\/vi\/#\/schema\/logo\/image\/\"},\"sameAs\":[\"https:\/\/www.facebook.com\/scon.com.vn\"]}]}<\/script>\n<!-- \/ Yoast SEO plugin. -->","yoast_head_json":{"title":"Ch\u00ednh s\u00e1ch b\u1ea3o m\u1eadt - C\u00f4ng ty TNHH SCON - Fiber Optics","description":"C\u00f4ng ty TNHH SCON chuy\u00ean v\u1ec1 s\u1ea3n xu\u1ea5t \u0111\u1ea7u n\u1ed1i c\u00e1p quang v\u00e0 h\u1ed9p quang. Tr\u1ee5 s\u1edf ch\u00ednh \u0111\u1eb7t t\u1ea1i H\u00e0n Qu\u1ed1c.","robots":{"index":"index","follow":"follow","max-snippet":"max-snippet:-1","max-image-preview":"max-image-preview:large","max-video-preview":"max-video-preview:-1"},"canonical":"https:\/\/scon.com.vn\/vi\/chinh-sach-bao-mat\/","og_locale":"vi_VN","og_type":"article","og_title":"Ch\u00ednh s\u00e1ch b\u1ea3o m\u1eadt - C\u00f4ng ty TNHH SCON - Fiber Optics","og_description":"C\u00f4ng ty TNHH SCON chuy\u00ean v\u1ec1 s\u1ea3n xu\u1ea5t \u0111\u1ea7u n\u1ed1i c\u00e1p quang v\u00e0 h\u1ed9p quang. Tr\u1ee5 s\u1edf ch\u00ednh \u0111\u1eb7t t\u1ea1i H\u00e0n Qu\u1ed1c.","og_url":"https:\/\/scon.com.vn\/vi\/chinh-sach-bao-mat\/","og_site_name":"C\u00f4ng ty TNHH SCON - Fiber Optics","article_publisher":"https:\/\/www.facebook.com\/scon.com.vn","article_modified_time":"2022-07-29T09:13:01+00:00","og_image":[{"width":1200,"height":630,"url":"https:\/\/scon.com.vn\/wp-content\/uploads\/2022\/11\/background-share-scon.png","type":"image\/png"}],"twitter_card":"summary_large_image","twitter_misc":{"\u01af\u1edbc t\u00ednh th\u1eddi gian \u0111\u1ecdc":"1 ph\u00fat"},"schema":{"@context":"https:\/\/schema.org","@graph":[{"@type":"WebPage","@id":"https:\/\/scon.com.vn\/vi\/chinh-sach-bao-mat\/","url":"https:\/\/scon.com.vn\/vi\/chinh-sach-bao-mat\/","name":"Ch\u00ednh s\u00e1ch b\u1ea3o m\u1eadt - C\u00f4ng ty TNHH SCON - Fiber Optics","isPartOf":{"@id":"https:\/\/scon.com.vn\/vi\/#website"},"datePublished":"2022-07-27T09:37:35+00:00","dateModified":"2022-07-29T09:13:01+00:00","description":"C\u00f4ng ty TNHH SCON chuy\u00ean v\u1ec1 s\u1ea3n xu\u1ea5t \u0111\u1ea7u n\u1ed1i c\u00e1p quang v\u00e0 h\u1ed9p quang. Tr\u1ee5 s\u1edf ch\u00ednh \u0111\u1eb7t t\u1ea1i H\u00e0n Qu\u1ed1c.","inLanguage":"vi","potentialAction":[{"@type":"ReadAction","target":["https:\/\/scon.com.vn\/vi\/chinh-sach-bao-mat\/"]}]},{"@type":"WebSite","@id":"https:\/\/scon.com.vn\/vi\/#website","url":"https:\/\/scon.com.vn\/vi\/","name":"C\u00f4ng ty TNHH SCON - Fiber Optics","description":"SCON","publisher":{"@id":"https:\/\/scon.com.vn\/vi\/#organization"},"alternateName":"C\u00f4ng ty TNHH SCON - Fiber Optics","potentialAction":[{"@type":"SearchAction","target":{"@type":"EntryPoint","urlTemplate":"https:\/\/scon.com.vn\/vi\/?s={search_term_string}"},"query-input":{"@type":"PropertyValueSpecification","valueRequired":true,"valueName":"search_term_string"}}],"inLanguage":"vi"},{"@type":"Organization","@id":"https:\/\/scon.com.vn\/vi\/#organization","name":"C\u00f4ng ty TNHH SCON - Fiber Optics","alternateName":"C\u00f4ng ty TNHH SCON - Fiber Optics","url":"https:\/\/scon.com.vn\/vi\/","logo":{"@type":"ImageObject","inLanguage":"vi","@id":"https:\/\/scon.com.vn\/vi\/#\/schema\/logo\/image\/","url":"https:\/\/scon.com.vn\/wp-content\/uploads\/2022\/07\/scon-logo.svg","contentUrl":"https:\/\/scon.com.vn\/wp-content\/uploads\/2022\/07\/scon-logo.svg","width":1,"height":1,"caption":"C\u00f4ng ty TNHH SCON - Fiber Optics"},"image":{"@id":"https:\/\/scon.com.vn\/vi\/#\/schema\/logo\/image\/"},"sameAs":["https:\/\/www.facebook.com\/scon.com.vn"]}]}},"_links":{"self":[{"href":"https:\/\/scon.com.vn\/vi\/wp-json\/wp\/v2\/pages\/93","targetHints":{"allow":["GET"]}}],"collection":[{"href":"https:\/\/scon.com.vn\/vi\/wp-json\/wp\/v2\/pages"}],"about":[{"href":"https:\/\/scon.com.vn\/vi\/wp-json\/wp\/v2\/types\/page"}],"author":[{"embeddable":true,"href":"https:\/\/scon.com.vn\/vi\/wp-json\/wp\/v2\/users\/1"}],"replies":[{"embeddable":true,"href":"https:\/\/scon.com.vn\/vi\/wp-json\/wp\/v2\/comments?post=93"}],"version-history":[{"count":0,"href":"https:\/\/scon.com.vn\/vi\/wp-json\/wp\/v2\/pages\/93\/revisions"}],"wp:attachment":[{"href":"https:\/\/scon.com.vn\/vi\/wp-json\/wp\/v2\/media?parent=93"}],"curies":[{"name":"wp","href":"https:\/\/api.w.org\/{rel}","templated":true}]}}