{"id":367,"date":"2022-07-28T10:08:45","date_gmt":"2022-07-28T03:08:45","guid":{"rendered":"\/all-product\/dau-noi-quang-loai-nap-gap-faoc-vf\/"},"modified":"2026-01-26T11:05:02","modified_gmt":"2026-01-26T04:05:02","slug":"faoc-vf","status":"publish","type":"product","link":"https:\/\/scon.com.vn\/vi\/tat-ca-san-pham\/faoc-vf\/","title":{"rendered":"\u0110\u1ea7u N\u1ed1i Quang (Lo\u1ea1i N\u1eafp G\u1eadp) FAOC-VF"},"content":{"rendered":"<div class=\"container section-title-container\" ><h4 class=\"section-title section-title-normal\"><b><\/b><span class=\"section-title-main\" >M\u00d4 T\u1ea2<\/span><b><\/b><\/h4><\/div>\n<p>\u0110\u1ea7u n\u1ed1i SC lo\u1ea1i n\u1eafp g\u1eadp v\u00e0 h\u1ec7 th\u1ed1ng kho\u00e1 c\u00e1p 2&#215;3 \u0111i\u1ec3m.<\/p>\n","protected":false},"excerpt":{"rendered":"<hr \/>\n<p><i class=\"fa fa-download fa-lg\"><\/i> <a style=\"color: #0b486b;\" href=\"\/download\/AJW-FAOC-VF(VN).pdf\" target=\"_blank\" rel=\"noopener\"><strong>Th\u00f4ng s\u1ed1 k\u1ef9 thu\u1eadt<\/strong><\/a><\/p>\n<p><i class=\"fa fa-download fa-lg\"><\/i> <a style=\"color: #0b486b;\" href=\"\/download\/connector\/faoc-vf\/FAOC-VF(Manual)_210630_01.pdf\" target=\"_blank\" rel=\"noopener\"><strong>H\u01b0\u1edbng d\u1eabn s\u1eed d\u1ee5ng<\/strong><\/a><\/p>\n<p><i class=\"fa fa-download fa-lg\"><\/i> <a style=\"color: #0b486b;\" href=\"\/download\/FAOC-VF Test Report.pdf\" target=\"_blank\" rel=\"noopener\"><strong>B\u00e1o c\u00e1o th\u1eed nghi\u1ec7m<\/strong><\/a><\/p>\n<p><i class=\"fa fa-play-circle fa-lg\"><\/i> <strong><a style=\"color: #0b486b;\" href=\"https:\/\/www.youtube.com\/embed\/fYijvbQtwMA\" target=\"_blank\" rel=\"noopener\">H\u01b0\u1edbng d\u1eabn c\u00e0i \u0111\u1eb7t<\/a><\/strong><\/p>\n<hr \/>\n<p><span style=\"font-size: 12px; font-family: helvetica, arial, sans-serif;\">T\u1ea5t c\u1ea3 c\u00e1c th\u00f4ng s\u1ed1 \u0111\u1ec1u tu\u00e2n th\u1ee7 ti\u00eau chu\u1ea9n RoHS Ch\u00e2u \u00c2u (2011\/65\/EU s\u1eeda \u0111\u1ed5i 2015\/863).<\/span><br \/>\n<span style=\"color: #ff6600; font-size: 12px;\"><strong>[PATENED]<\/strong><\/span><\/p>\n","protected":false},"featured_media":980,"template":"","meta":[],"product_brand":[],"product_cat":[35],"product_tag":[77,79,87,93,95,99],"class_list":{"0":"post-367","1":"product","2":"type-product","3":"status-publish","4":"has-post-thumbnail","6":"product_cat-dau-noi-quang","7":"product_tag-ajw","8":"product_tag-ajworld","9":"product_tag-faoc","10":"product_tag-faoc-vf","11":"product_tag-faoc-vf-loai-nap-gap","12":"product_tag-nap-gap","14":"first","15":"instock","16":"shipping-taxable","17":"product-type-simple"},"yoast_head":"<!-- This site is optimized with the Yoast SEO plugin v27.1.1 - https:\/\/yoast.com\/product\/yoast-seo-wordpress\/ -->\n<title>\u0110\u1ea7u N\u1ed1i Quang (Lo\u1ea1i N\u1eafp G\u1eadp) FAOC-VF - C\u00f4ng ty TNHH SCON - Fiber Optics<\/title>\n<meta name=\"description\" content=\"\u0110\u1ea7u N\u1ed1i Quang (Lo\u1ea1i N\u1eafp G\u1eadp) FAOC-VF, \u0110\u1ea7u n\u1ed1i SC lo\u1ea1i n\u1eafp g\u1eadp v\u00e0 h\u1ec7 th\u1ed1ng kho\u00e1 c\u00e1p 2x3 \u0111i\u1ec3m. Flat Cable, Field Connector\" \/>\n<meta name=\"robots\" content=\"index, follow, max-snippet:-1, max-image-preview:large, max-video-preview:-1\" \/>\n<link rel=\"canonical\" href=\"https:\/\/scon.com.vn\/vi\/tat-ca-san-pham\/faoc-vf\/\" \/>\n<meta property=\"og:locale\" content=\"vi_VN\" \/>\n<meta property=\"og:type\" content=\"article\" \/>\n<meta property=\"og:title\" content=\"\u0110\u1ea7u N\u1ed1i Quang (Lo\u1ea1i N\u1eafp G\u1eadp) FAOC-VF - C\u00f4ng ty TNHH SCON - Fiber Optics\" \/>\n<meta property=\"og:description\" content=\"\u0110\u1ea7u N\u1ed1i Quang (Lo\u1ea1i N\u1eafp G\u1eadp) FAOC-VF, \u0110\u1ea7u n\u1ed1i SC lo\u1ea1i n\u1eafp g\u1eadp v\u00e0 h\u1ec7 th\u1ed1ng kho\u00e1 c\u00e1p 2x3 \u0111i\u1ec3m. Flat Cable, Field Connector\" \/>\n<meta property=\"og:url\" content=\"https:\/\/scon.com.vn\/vi\/tat-ca-san-pham\/faoc-vf\/\" \/>\n<meta property=\"og:site_name\" content=\"C\u00f4ng ty TNHH SCON - Fiber Optics\" \/>\n<meta property=\"article:publisher\" content=\"https:\/\/www.facebook.com\/scon.com.vn\" \/>\n<meta property=\"article:modified_time\" content=\"2026-01-26T04:05:02+00:00\" \/>\n<meta property=\"og:image\" content=\"https:\/\/scon.com.vn\/wp-content\/uploads\/2025\/03\/FAOC-VF.jpg\" \/>\n\t<meta property=\"og:image:width\" content=\"1563\" \/>\n\t<meta property=\"og:image:height\" content=\"1875\" \/>\n\t<meta property=\"og:image:type\" content=\"image\/jpeg\" \/>\n<meta name=\"twitter:card\" content=\"summary_large_image\" \/>\n<meta name=\"twitter:label1\" content=\"\u01af\u1edbc t\u00ednh th\u1eddi gian \u0111\u1ecdc\" \/>\n\t<meta name=\"twitter:data1\" content=\"1 ph\u00fat\" \/>\n<script type=\"application\/ld+json\" class=\"yoast-schema-graph\">{\"@context\":\"https:\/\/schema.org\",\"@graph\":[{\"@type\":\"WebPage\",\"@id\":\"https:\/\/scon.com.vn\/vi\/tat-ca-san-pham\/faoc-vf\/\",\"url\":\"https:\/\/scon.com.vn\/vi\/tat-ca-san-pham\/faoc-vf\/\",\"name\":\"\u0110\u1ea7u N\u1ed1i Quang (Lo\u1ea1i N\u1eafp G\u1eadp) FAOC-VF - C\u00f4ng ty TNHH SCON - Fiber Optics\",\"isPartOf\":{\"@id\":\"https:\/\/scon.com.vn\/vi\/#website\"},\"primaryImageOfPage\":{\"@id\":\"https:\/\/scon.com.vn\/vi\/tat-ca-san-pham\/faoc-vf\/#primaryimage\"},\"image\":{\"@id\":\"https:\/\/scon.com.vn\/vi\/tat-ca-san-pham\/faoc-vf\/#primaryimage\"},\"thumbnailUrl\":\"https:\/\/scon.com.vn\/wp-content\/uploads\/2025\/03\/FAOC-VF.jpg\",\"datePublished\":\"2022-07-28T03:08:45+00:00\",\"dateModified\":\"2026-01-26T04:05:02+00:00\",\"description\":\"\u0110\u1ea7u N\u1ed1i Quang (Lo\u1ea1i N\u1eafp G\u1eadp) FAOC-VF, \u0110\u1ea7u n\u1ed1i SC lo\u1ea1i n\u1eafp g\u1eadp v\u00e0 h\u1ec7 th\u1ed1ng kho\u00e1 c\u00e1p 2x3 \u0111i\u1ec3m. Flat Cable, Field Connector\",\"breadcrumb\":{\"@id\":\"https:\/\/scon.com.vn\/vi\/tat-ca-san-pham\/faoc-vf\/#breadcrumb\"},\"inLanguage\":\"vi\",\"potentialAction\":[{\"@type\":\"ReadAction\",\"target\":[\"https:\/\/scon.com.vn\/vi\/tat-ca-san-pham\/faoc-vf\/\"]}]},{\"@type\":\"ImageObject\",\"inLanguage\":\"vi\",\"@id\":\"https:\/\/scon.com.vn\/vi\/tat-ca-san-pham\/faoc-vf\/#primaryimage\",\"url\":\"https:\/\/scon.com.vn\/wp-content\/uploads\/2025\/03\/FAOC-VF.jpg\",\"contentUrl\":\"https:\/\/scon.com.vn\/wp-content\/uploads\/2025\/03\/FAOC-VF.jpg\",\"width\":1563,\"height\":1875},{\"@type\":\"BreadcrumbList\",\"@id\":\"https:\/\/scon.com.vn\/vi\/tat-ca-san-pham\/faoc-vf\/#breadcrumb\",\"itemListElement\":[{\"@type\":\"ListItem\",\"position\":1,\"name\":\"All Product\",\"item\":\"https:\/\/scon.com.vn\/en\/all-product\/\"},{\"@type\":\"ListItem\",\"position\":2,\"name\":\"\u0110\u1ea7u N\u1ed1i Quang (Lo\u1ea1i N\u1eafp G\u1eadp) FAOC-VF\"}]},{\"@type\":\"WebSite\",\"@id\":\"https:\/\/scon.com.vn\/vi\/#website\",\"url\":\"https:\/\/scon.com.vn\/vi\/\",\"name\":\"C\u00f4ng ty TNHH SCON - Fiber Optics\",\"description\":\"SCON\",\"publisher\":{\"@id\":\"https:\/\/scon.com.vn\/vi\/#organization\"},\"alternateName\":\"C\u00f4ng ty TNHH SCON - Fiber Optics\",\"potentialAction\":[{\"@type\":\"SearchAction\",\"target\":{\"@type\":\"EntryPoint\",\"urlTemplate\":\"https:\/\/scon.com.vn\/vi\/?s={search_term_string}\"},\"query-input\":{\"@type\":\"PropertyValueSpecification\",\"valueRequired\":true,\"valueName\":\"search_term_string\"}}],\"inLanguage\":\"vi\"},{\"@type\":\"Organization\",\"@id\":\"https:\/\/scon.com.vn\/vi\/#organization\",\"name\":\"C\u00f4ng ty TNHH SCON - Fiber Optics\",\"alternateName\":\"C\u00f4ng ty TNHH SCON - Fiber Optics\",\"url\":\"https:\/\/scon.com.vn\/vi\/\",\"logo\":{\"@type\":\"ImageObject\",\"inLanguage\":\"vi\",\"@id\":\"https:\/\/scon.com.vn\/vi\/#\/schema\/logo\/image\/\",\"url\":\"https:\/\/scon.com.vn\/wp-content\/uploads\/2022\/07\/scon-logo.svg\",\"contentUrl\":\"https:\/\/scon.com.vn\/wp-content\/uploads\/2022\/07\/scon-logo.svg\",\"width\":1,\"height\":1,\"caption\":\"C\u00f4ng ty TNHH SCON - Fiber Optics\"},\"image\":{\"@id\":\"https:\/\/scon.com.vn\/vi\/#\/schema\/logo\/image\/\"},\"sameAs\":[\"https:\/\/www.facebook.com\/scon.com.vn\"]}]}<\/script>\n<!-- \/ Yoast SEO plugin. -->","yoast_head_json":{"title":"\u0110\u1ea7u N\u1ed1i Quang (Lo\u1ea1i N\u1eafp G\u1eadp) FAOC-VF - C\u00f4ng ty TNHH SCON - Fiber Optics","description":"\u0110\u1ea7u N\u1ed1i Quang (Lo\u1ea1i N\u1eafp G\u1eadp) FAOC-VF, \u0110\u1ea7u n\u1ed1i SC lo\u1ea1i n\u1eafp g\u1eadp v\u00e0 h\u1ec7 th\u1ed1ng kho\u00e1 c\u00e1p 2x3 \u0111i\u1ec3m. Flat Cable, Field Connector","robots":{"index":"index","follow":"follow","max-snippet":"max-snippet:-1","max-image-preview":"max-image-preview:large","max-video-preview":"max-video-preview:-1"},"canonical":"https:\/\/scon.com.vn\/vi\/tat-ca-san-pham\/faoc-vf\/","og_locale":"vi_VN","og_type":"article","og_title":"\u0110\u1ea7u N\u1ed1i Quang (Lo\u1ea1i N\u1eafp G\u1eadp) FAOC-VF - C\u00f4ng ty TNHH SCON - Fiber Optics","og_description":"\u0110\u1ea7u N\u1ed1i Quang (Lo\u1ea1i N\u1eafp G\u1eadp) FAOC-VF, \u0110\u1ea7u n\u1ed1i SC lo\u1ea1i n\u1eafp g\u1eadp v\u00e0 h\u1ec7 th\u1ed1ng kho\u00e1 c\u00e1p 2x3 \u0111i\u1ec3m. Flat Cable, Field Connector","og_url":"https:\/\/scon.com.vn\/vi\/tat-ca-san-pham\/faoc-vf\/","og_site_name":"C\u00f4ng ty TNHH SCON - Fiber Optics","article_publisher":"https:\/\/www.facebook.com\/scon.com.vn","article_modified_time":"2026-01-26T04:05:02+00:00","og_image":[{"width":1563,"height":1875,"url":"https:\/\/scon.com.vn\/wp-content\/uploads\/2025\/03\/FAOC-VF.jpg","type":"image\/jpeg"}],"twitter_card":"summary_large_image","twitter_misc":{"\u01af\u1edbc t\u00ednh th\u1eddi gian \u0111\u1ecdc":"1 ph\u00fat"},"schema":{"@context":"https:\/\/schema.org","@graph":[{"@type":"WebPage","@id":"https:\/\/scon.com.vn\/vi\/tat-ca-san-pham\/faoc-vf\/","url":"https:\/\/scon.com.vn\/vi\/tat-ca-san-pham\/faoc-vf\/","name":"\u0110\u1ea7u N\u1ed1i Quang (Lo\u1ea1i N\u1eafp G\u1eadp) FAOC-VF - C\u00f4ng ty TNHH SCON - Fiber Optics","isPartOf":{"@id":"https:\/\/scon.com.vn\/vi\/#website"},"primaryImageOfPage":{"@id":"https:\/\/scon.com.vn\/vi\/tat-ca-san-pham\/faoc-vf\/#primaryimage"},"image":{"@id":"https:\/\/scon.com.vn\/vi\/tat-ca-san-pham\/faoc-vf\/#primaryimage"},"thumbnailUrl":"https:\/\/scon.com.vn\/wp-content\/uploads\/2025\/03\/FAOC-VF.jpg","datePublished":"2022-07-28T03:08:45+00:00","dateModified":"2026-01-26T04:05:02+00:00","description":"\u0110\u1ea7u N\u1ed1i Quang (Lo\u1ea1i N\u1eafp G\u1eadp) FAOC-VF, \u0110\u1ea7u n\u1ed1i SC lo\u1ea1i n\u1eafp g\u1eadp v\u00e0 h\u1ec7 th\u1ed1ng kho\u00e1 c\u00e1p 2x3 \u0111i\u1ec3m. Flat Cable, Field Connector","breadcrumb":{"@id":"https:\/\/scon.com.vn\/vi\/tat-ca-san-pham\/faoc-vf\/#breadcrumb"},"inLanguage":"vi","potentialAction":[{"@type":"ReadAction","target":["https:\/\/scon.com.vn\/vi\/tat-ca-san-pham\/faoc-vf\/"]}]},{"@type":"ImageObject","inLanguage":"vi","@id":"https:\/\/scon.com.vn\/vi\/tat-ca-san-pham\/faoc-vf\/#primaryimage","url":"https:\/\/scon.com.vn\/wp-content\/uploads\/2025\/03\/FAOC-VF.jpg","contentUrl":"https:\/\/scon.com.vn\/wp-content\/uploads\/2025\/03\/FAOC-VF.jpg","width":1563,"height":1875},{"@type":"BreadcrumbList","@id":"https:\/\/scon.com.vn\/vi\/tat-ca-san-pham\/faoc-vf\/#breadcrumb","itemListElement":[{"@type":"ListItem","position":1,"name":"All Product","item":"https:\/\/scon.com.vn\/en\/all-product\/"},{"@type":"ListItem","position":2,"name":"\u0110\u1ea7u N\u1ed1i Quang (Lo\u1ea1i N\u1eafp G\u1eadp) FAOC-VF"}]},{"@type":"WebSite","@id":"https:\/\/scon.com.vn\/vi\/#website","url":"https:\/\/scon.com.vn\/vi\/","name":"C\u00f4ng ty TNHH SCON - Fiber Optics","description":"SCON","publisher":{"@id":"https:\/\/scon.com.vn\/vi\/#organization"},"alternateName":"C\u00f4ng ty TNHH SCON - Fiber Optics","potentialAction":[{"@type":"SearchAction","target":{"@type":"EntryPoint","urlTemplate":"https:\/\/scon.com.vn\/vi\/?s={search_term_string}"},"query-input":{"@type":"PropertyValueSpecification","valueRequired":true,"valueName":"search_term_string"}}],"inLanguage":"vi"},{"@type":"Organization","@id":"https:\/\/scon.com.vn\/vi\/#organization","name":"C\u00f4ng ty TNHH SCON - Fiber Optics","alternateName":"C\u00f4ng ty TNHH SCON - Fiber Optics","url":"https:\/\/scon.com.vn\/vi\/","logo":{"@type":"ImageObject","inLanguage":"vi","@id":"https:\/\/scon.com.vn\/vi\/#\/schema\/logo\/image\/","url":"https:\/\/scon.com.vn\/wp-content\/uploads\/2022\/07\/scon-logo.svg","contentUrl":"https:\/\/scon.com.vn\/wp-content\/uploads\/2022\/07\/scon-logo.svg","width":1,"height":1,"caption":"C\u00f4ng ty TNHH SCON - Fiber Optics"},"image":{"@id":"https:\/\/scon.com.vn\/vi\/#\/schema\/logo\/image\/"},"sameAs":["https:\/\/www.facebook.com\/scon.com.vn"]}]}},"_links":{"self":[{"href":"https:\/\/scon.com.vn\/vi\/wp-json\/wp\/v2\/product\/367","targetHints":{"allow":["GET"]}}],"collection":[{"href":"https:\/\/scon.com.vn\/vi\/wp-json\/wp\/v2\/product"}],"about":[{"href":"https:\/\/scon.com.vn\/vi\/wp-json\/wp\/v2\/types\/product"}],"wp:featuredmedia":[{"embeddable":true,"href":"https:\/\/scon.com.vn\/vi\/wp-json\/wp\/v2\/media\/980"}],"wp:attachment":[{"href":"https:\/\/scon.com.vn\/vi\/wp-json\/wp\/v2\/media?parent=367"}],"wp:term":[{"taxonomy":"product_brand","embeddable":true,"href":"https:\/\/scon.com.vn\/vi\/wp-json\/wp\/v2\/product_brand?post=367"},{"taxonomy":"product_cat","embeddable":true,"href":"https:\/\/scon.com.vn\/vi\/wp-json\/wp\/v2\/product_cat?post=367"},{"taxonomy":"product_tag","embeddable":true,"href":"https:\/\/scon.com.vn\/vi\/wp-json\/wp\/v2\/product_tag?post=367"}],"curies":[{"name":"wp","href":"https:\/\/api.w.org\/{rel}","templated":true}]}}