{"id":417,"date":"2022-09-27T15:26:54","date_gmt":"2022-09-27T08:26:54","guid":{"rendered":"\/?post_type=product&#038;p=417"},"modified":"2026-01-26T08:15:18","modified_gmt":"2026-01-26T01:15:18","slug":"zofc-b2","status":"publish","type":"product","link":"https:\/\/scon.com.vn\/vi\/tat-ca-san-pham\/zofc-b2\/","title":{"rendered":"M\u0103ng X\u00f4ng Quang B\u1ea3n L\u1ec1 ZOFC-B2"},"content":{"rendered":"<div class=\"container section-title-container\" ><h4 class=\"section-title section-title-normal\"><b><\/b><span class=\"section-title-main\" >M\u00d4 T\u1ea2<\/span><b><\/b><\/h4><\/div>\n<p>AJW-ZOFC-B2 \u0111\u01b0\u1ee3c thi\u1ebft k\u1ebf \u0111\u1ec3 qu\u1ea3n l\u00fd \u0111\u1ebfn 24 s\u1ee3i quang v\u1edbi k\u00edch th\u01b0\u1edbc nh\u1ecf g\u1ecdn. Gi\u00fap nh\u00e2n vi\u00ean l\u1eafp \u0111\u1eb7t b\u1ea3o tr\u00ec \u0111\u01a1n gi\u1ea3n. T\u00ednh linh ho\u1ea1t v\u00e0 \u0111\u1ed9 b\u1ec1n c\u1ee7a n\u00f3 ph\u00f9 h\u1ee3p \u1ee9ng d\u1ee5ng trong ch\u00f4n ng\u1ea7m, treo tr\u00ean c\u1ed9t v\u00e0 treo tr\u00ean d\u00e2y. C\u01a1 ch\u1ebf l\u1eaby g\u00e0i nh\u1ef1a kh\u00f4ng d\u00f9ng \u1ed1c \u0111\u1ec3 kh\u00f3a m\u0103ng x\u00f4ng.<\/p>\n","protected":false},"excerpt":{"rendered":"<hr \/>\n<p><i class=\"fa fa-download fa-lg\"><\/i> <a style=\"color: #0b486b;\" href=\"\/download\/enclosure\/zofc-b2\/AJW-ZOFC-B2(VN).pdf\" target=\"_blank\" rel=\"noopener\"><strong>Th\u00f4ng s\u1ed1 k\u1ef9 thu\u1eadt<\/strong><\/a><\/p>\n<p><i class=\"fa fa-download fa-lg\"><\/i> <a style=\"color: #0b486b;\" href=\"\/download\/enclosure\/zofc-b2\/AJW-ZOFC_241031.pdf\" target=\"_blank\" rel=\"noopener\"><strong>H\u01b0\u1edbng d\u1eabn s\u1eed d\u1ee5ng<\/strong><\/a><\/p>\n<p><i class=\"fa fa-download fa-lg\"><\/i> <a style=\"color: #0b486b;\" href=\"\/download\/enclosure\/zofc\/ZOFC_Test Report.pdf\" target=\"_blank\" rel=\"noopener\"><strong>B\u00e1o c\u00e1o th\u1eed nghi\u1ec7m<\/strong><\/a><\/p>\n<p><i class=\"fa fa-play-circle fa-lg\"><\/i> <strong><a style=\"color: #0b486b;\" href=\"https:\/\/www.youtube.com\/embed\/dXbIeyKRUEo\" target=\"_blank rel=\" rel=\"noopener\">H\u01b0\u1edbng d\u1eabn c\u00e0i \u0111\u1eb7t<\/a><\/strong><\/p>\n<hr \/>\n<p><span style=\"font-size: 12px;\">T\u1ea5t c\u1ea3 c\u00e1c th\u00f4ng s\u1ed1 \u0111\u1ec1u tu\u00e2n th\u1ee7 ti\u00eau chu\u1ea9n RoHS Ch\u00e2u \u00c2u (2011\/65\/EU s\u1eeda \u0111\u1ed5i 2015\/863).<\/span><br \/>\n<span style=\"color: #ff6600; font-size: 12px;\"><strong>[PATENED]<\/strong><\/span><\/p>\n","protected":false},"featured_media":420,"template":"","meta":[],"product_brand":[],"product_cat":[37],"product_tag":[77,79,224,97,121,228,130,135],"class_list":{"0":"post-417","1":"product","2":"type-product","3":"status-publish","4":"has-post-thumbnail","6":"product_cat-mang-xong-quang","7":"product_tag-ajw","8":"product_tag-ajworld","9":"product_tag-fiber-optics-vi","10":"product_tag-mang-xong-quang","11":"product_tag-mang-xong-quang-ban-le","12":"product_tag-splice-closure","13":"product_tag-zofc","14":"product_tag-zofc-b2","16":"first","17":"instock","18":"shipping-taxable","19":"product-type-simple"},"yoast_head":"<!-- This site is optimized with the Yoast SEO plugin v27.1.1 - https:\/\/yoast.com\/product\/yoast-seo-wordpress\/ -->\n<title>M\u0103ng X\u00f4ng Quang B\u1ea3n L\u1ec1 ZOFC-B2 - C\u00f4ng ty TNHH SCON - Fiber Optics<\/title>\n<meta name=\"description\" content=\"AJW-ZOFC-B1 \u0111\u01b0\u1ee3c thi\u1ebft k\u1ebf \u0111\u1ec3 qu\u1ea3n l\u00fd \u0111\u1ebfn 96 s\u1ee3i quang v\u1edbi k\u00edch th\u01b0\u1edbc nh\u1ecf g\u1ecdn. Gi\u00fap nh\u00e2n vi\u00ean l\u1eafp \u0111\u1eb7t b\u1ea3o tr\u00ec \u0111\u01a1n gi\u1ea3n.\" \/>\n<meta name=\"robots\" content=\"index, follow, max-snippet:-1, max-image-preview:large, max-video-preview:-1\" \/>\n<link rel=\"canonical\" href=\"https:\/\/scon.com.vn\/vi\/tat-ca-san-pham\/zofc-b2\/\" \/>\n<meta property=\"og:locale\" content=\"vi_VN\" \/>\n<meta property=\"og:type\" content=\"article\" \/>\n<meta property=\"og:title\" content=\"M\u0103ng X\u00f4ng Quang B\u1ea3n L\u1ec1 ZOFC-B2 - C\u00f4ng ty TNHH SCON - Fiber Optics\" \/>\n<meta property=\"og:description\" content=\"AJW-ZOFC-B1 \u0111\u01b0\u1ee3c thi\u1ebft k\u1ebf \u0111\u1ec3 qu\u1ea3n l\u00fd \u0111\u1ebfn 96 s\u1ee3i quang v\u1edbi k\u00edch th\u01b0\u1edbc nh\u1ecf g\u1ecdn. Gi\u00fap nh\u00e2n vi\u00ean l\u1eafp \u0111\u1eb7t b\u1ea3o tr\u00ec \u0111\u01a1n gi\u1ea3n.\" \/>\n<meta property=\"og:url\" content=\"https:\/\/scon.com.vn\/vi\/tat-ca-san-pham\/zofc-b2\/\" \/>\n<meta property=\"og:site_name\" content=\"C\u00f4ng ty TNHH SCON - Fiber Optics\" \/>\n<meta property=\"article:publisher\" content=\"https:\/\/www.facebook.com\/scon.com.vn\" \/>\n<meta property=\"article:modified_time\" content=\"2026-01-26T01:15:18+00:00\" \/>\n<meta property=\"og:image\" content=\"https:\/\/scon.com.vn\/wp-content\/uploads\/2022\/11\/background-share-scon.png\" \/>\n\t<meta property=\"og:image:width\" content=\"1200\" \/>\n\t<meta property=\"og:image:height\" content=\"630\" \/>\n\t<meta property=\"og:image:type\" content=\"image\/png\" \/>\n<meta name=\"twitter:card\" content=\"summary_large_image\" \/>\n<meta name=\"twitter:label1\" content=\"\u01af\u1edbc t\u00ednh th\u1eddi gian \u0111\u1ecdc\" \/>\n\t<meta name=\"twitter:data1\" content=\"1 ph\u00fat\" \/>\n<script type=\"application\/ld+json\" class=\"yoast-schema-graph\">{\"@context\":\"https:\/\/schema.org\",\"@graph\":[{\"@type\":\"WebPage\",\"@id\":\"https:\/\/scon.com.vn\/vi\/tat-ca-san-pham\/zofc-b2\/\",\"url\":\"https:\/\/scon.com.vn\/vi\/tat-ca-san-pham\/zofc-b2\/\",\"name\":\"M\u0103ng X\u00f4ng Quang B\u1ea3n L\u1ec1 ZOFC-B2 - C\u00f4ng ty TNHH SCON - Fiber Optics\",\"isPartOf\":{\"@id\":\"https:\/\/scon.com.vn\/vi\/#website\"},\"primaryImageOfPage\":{\"@id\":\"https:\/\/scon.com.vn\/vi\/tat-ca-san-pham\/zofc-b2\/#primaryimage\"},\"image\":{\"@id\":\"https:\/\/scon.com.vn\/vi\/tat-ca-san-pham\/zofc-b2\/#primaryimage\"},\"thumbnailUrl\":\"https:\/\/scon.com.vn\/wp-content\/uploads\/2022\/09\/zofc-b2-01.svg\",\"datePublished\":\"2022-09-27T08:26:54+00:00\",\"dateModified\":\"2026-01-26T01:15:18+00:00\",\"description\":\"AJW-ZOFC-B1 \u0111\u01b0\u1ee3c thi\u1ebft k\u1ebf \u0111\u1ec3 qu\u1ea3n l\u00fd \u0111\u1ebfn 96 s\u1ee3i quang v\u1edbi k\u00edch th\u01b0\u1edbc nh\u1ecf g\u1ecdn. Gi\u00fap nh\u00e2n vi\u00ean l\u1eafp \u0111\u1eb7t b\u1ea3o tr\u00ec \u0111\u01a1n gi\u1ea3n.\",\"breadcrumb\":{\"@id\":\"https:\/\/scon.com.vn\/vi\/tat-ca-san-pham\/zofc-b2\/#breadcrumb\"},\"inLanguage\":\"vi\",\"potentialAction\":[{\"@type\":\"ReadAction\",\"target\":[\"https:\/\/scon.com.vn\/vi\/tat-ca-san-pham\/zofc-b2\/\"]}]},{\"@type\":\"ImageObject\",\"inLanguage\":\"vi\",\"@id\":\"https:\/\/scon.com.vn\/vi\/tat-ca-san-pham\/zofc-b2\/#primaryimage\",\"url\":\"https:\/\/scon.com.vn\/wp-content\/uploads\/2022\/09\/zofc-b2-01.svg\",\"contentUrl\":\"https:\/\/scon.com.vn\/wp-content\/uploads\/2022\/09\/zofc-b2-01.svg\",\"caption\":\"ZOFC-B2\"},{\"@type\":\"BreadcrumbList\",\"@id\":\"https:\/\/scon.com.vn\/vi\/tat-ca-san-pham\/zofc-b2\/#breadcrumb\",\"itemListElement\":[{\"@type\":\"ListItem\",\"position\":1,\"name\":\"All Product\",\"item\":\"https:\/\/scon.com.vn\/en\/all-product\/\"},{\"@type\":\"ListItem\",\"position\":2,\"name\":\"M\u0103ng X\u00f4ng Quang B\u1ea3n L\u1ec1 ZOFC-B2\"}]},{\"@type\":\"WebSite\",\"@id\":\"https:\/\/scon.com.vn\/vi\/#website\",\"url\":\"https:\/\/scon.com.vn\/vi\/\",\"name\":\"C\u00f4ng ty TNHH SCON - Fiber Optics\",\"description\":\"SCON\",\"publisher\":{\"@id\":\"https:\/\/scon.com.vn\/vi\/#organization\"},\"alternateName\":\"C\u00f4ng ty TNHH SCON - Fiber Optics\",\"potentialAction\":[{\"@type\":\"SearchAction\",\"target\":{\"@type\":\"EntryPoint\",\"urlTemplate\":\"https:\/\/scon.com.vn\/vi\/?s={search_term_string}\"},\"query-input\":{\"@type\":\"PropertyValueSpecification\",\"valueRequired\":true,\"valueName\":\"search_term_string\"}}],\"inLanguage\":\"vi\"},{\"@type\":\"Organization\",\"@id\":\"https:\/\/scon.com.vn\/vi\/#organization\",\"name\":\"C\u00f4ng ty TNHH SCON - Fiber Optics\",\"alternateName\":\"C\u00f4ng ty TNHH SCON - Fiber Optics\",\"url\":\"https:\/\/scon.com.vn\/vi\/\",\"logo\":{\"@type\":\"ImageObject\",\"inLanguage\":\"vi\",\"@id\":\"https:\/\/scon.com.vn\/vi\/#\/schema\/logo\/image\/\",\"url\":\"https:\/\/scon.com.vn\/wp-content\/uploads\/2022\/07\/scon-logo.svg\",\"contentUrl\":\"https:\/\/scon.com.vn\/wp-content\/uploads\/2022\/07\/scon-logo.svg\",\"width\":1,\"height\":1,\"caption\":\"C\u00f4ng ty TNHH SCON - Fiber Optics\"},\"image\":{\"@id\":\"https:\/\/scon.com.vn\/vi\/#\/schema\/logo\/image\/\"},\"sameAs\":[\"https:\/\/www.facebook.com\/scon.com.vn\"]}]}<\/script>\n<!-- \/ Yoast SEO plugin. -->","yoast_head_json":{"title":"M\u0103ng X\u00f4ng Quang B\u1ea3n L\u1ec1 ZOFC-B2 - C\u00f4ng ty TNHH SCON - Fiber Optics","description":"AJW-ZOFC-B1 \u0111\u01b0\u1ee3c thi\u1ebft k\u1ebf \u0111\u1ec3 qu\u1ea3n l\u00fd \u0111\u1ebfn 96 s\u1ee3i quang v\u1edbi k\u00edch th\u01b0\u1edbc nh\u1ecf g\u1ecdn. Gi\u00fap nh\u00e2n vi\u00ean l\u1eafp \u0111\u1eb7t b\u1ea3o tr\u00ec \u0111\u01a1n gi\u1ea3n.","robots":{"index":"index","follow":"follow","max-snippet":"max-snippet:-1","max-image-preview":"max-image-preview:large","max-video-preview":"max-video-preview:-1"},"canonical":"https:\/\/scon.com.vn\/vi\/tat-ca-san-pham\/zofc-b2\/","og_locale":"vi_VN","og_type":"article","og_title":"M\u0103ng X\u00f4ng Quang B\u1ea3n L\u1ec1 ZOFC-B2 - C\u00f4ng ty TNHH SCON - Fiber Optics","og_description":"AJW-ZOFC-B1 \u0111\u01b0\u1ee3c thi\u1ebft k\u1ebf \u0111\u1ec3 qu\u1ea3n l\u00fd \u0111\u1ebfn 96 s\u1ee3i quang v\u1edbi k\u00edch th\u01b0\u1edbc nh\u1ecf g\u1ecdn. Gi\u00fap nh\u00e2n vi\u00ean l\u1eafp \u0111\u1eb7t b\u1ea3o tr\u00ec \u0111\u01a1n gi\u1ea3n.","og_url":"https:\/\/scon.com.vn\/vi\/tat-ca-san-pham\/zofc-b2\/","og_site_name":"C\u00f4ng ty TNHH SCON - Fiber Optics","article_publisher":"https:\/\/www.facebook.com\/scon.com.vn","article_modified_time":"2026-01-26T01:15:18+00:00","og_image":[{"width":1200,"height":630,"url":"https:\/\/scon.com.vn\/wp-content\/uploads\/2022\/11\/background-share-scon.png","type":"image\/png"}],"twitter_card":"summary_large_image","twitter_misc":{"\u01af\u1edbc t\u00ednh th\u1eddi gian \u0111\u1ecdc":"1 ph\u00fat"},"schema":{"@context":"https:\/\/schema.org","@graph":[{"@type":"WebPage","@id":"https:\/\/scon.com.vn\/vi\/tat-ca-san-pham\/zofc-b2\/","url":"https:\/\/scon.com.vn\/vi\/tat-ca-san-pham\/zofc-b2\/","name":"M\u0103ng X\u00f4ng Quang B\u1ea3n L\u1ec1 ZOFC-B2 - C\u00f4ng ty TNHH SCON - Fiber Optics","isPartOf":{"@id":"https:\/\/scon.com.vn\/vi\/#website"},"primaryImageOfPage":{"@id":"https:\/\/scon.com.vn\/vi\/tat-ca-san-pham\/zofc-b2\/#primaryimage"},"image":{"@id":"https:\/\/scon.com.vn\/vi\/tat-ca-san-pham\/zofc-b2\/#primaryimage"},"thumbnailUrl":"https:\/\/scon.com.vn\/wp-content\/uploads\/2022\/09\/zofc-b2-01.svg","datePublished":"2022-09-27T08:26:54+00:00","dateModified":"2026-01-26T01:15:18+00:00","description":"AJW-ZOFC-B1 \u0111\u01b0\u1ee3c thi\u1ebft k\u1ebf \u0111\u1ec3 qu\u1ea3n l\u00fd \u0111\u1ebfn 96 s\u1ee3i quang v\u1edbi k\u00edch th\u01b0\u1edbc nh\u1ecf g\u1ecdn. Gi\u00fap nh\u00e2n vi\u00ean l\u1eafp \u0111\u1eb7t b\u1ea3o tr\u00ec \u0111\u01a1n gi\u1ea3n.","breadcrumb":{"@id":"https:\/\/scon.com.vn\/vi\/tat-ca-san-pham\/zofc-b2\/#breadcrumb"},"inLanguage":"vi","potentialAction":[{"@type":"ReadAction","target":["https:\/\/scon.com.vn\/vi\/tat-ca-san-pham\/zofc-b2\/"]}]},{"@type":"ImageObject","inLanguage":"vi","@id":"https:\/\/scon.com.vn\/vi\/tat-ca-san-pham\/zofc-b2\/#primaryimage","url":"https:\/\/scon.com.vn\/wp-content\/uploads\/2022\/09\/zofc-b2-01.svg","contentUrl":"https:\/\/scon.com.vn\/wp-content\/uploads\/2022\/09\/zofc-b2-01.svg","caption":"ZOFC-B2"},{"@type":"BreadcrumbList","@id":"https:\/\/scon.com.vn\/vi\/tat-ca-san-pham\/zofc-b2\/#breadcrumb","itemListElement":[{"@type":"ListItem","position":1,"name":"All Product","item":"https:\/\/scon.com.vn\/en\/all-product\/"},{"@type":"ListItem","position":2,"name":"M\u0103ng X\u00f4ng Quang B\u1ea3n L\u1ec1 ZOFC-B2"}]},{"@type":"WebSite","@id":"https:\/\/scon.com.vn\/vi\/#website","url":"https:\/\/scon.com.vn\/vi\/","name":"C\u00f4ng ty TNHH SCON - Fiber Optics","description":"SCON","publisher":{"@id":"https:\/\/scon.com.vn\/vi\/#organization"},"alternateName":"C\u00f4ng ty TNHH SCON - Fiber Optics","potentialAction":[{"@type":"SearchAction","target":{"@type":"EntryPoint","urlTemplate":"https:\/\/scon.com.vn\/vi\/?s={search_term_string}"},"query-input":{"@type":"PropertyValueSpecification","valueRequired":true,"valueName":"search_term_string"}}],"inLanguage":"vi"},{"@type":"Organization","@id":"https:\/\/scon.com.vn\/vi\/#organization","name":"C\u00f4ng ty TNHH SCON - Fiber Optics","alternateName":"C\u00f4ng ty TNHH SCON - Fiber Optics","url":"https:\/\/scon.com.vn\/vi\/","logo":{"@type":"ImageObject","inLanguage":"vi","@id":"https:\/\/scon.com.vn\/vi\/#\/schema\/logo\/image\/","url":"https:\/\/scon.com.vn\/wp-content\/uploads\/2022\/07\/scon-logo.svg","contentUrl":"https:\/\/scon.com.vn\/wp-content\/uploads\/2022\/07\/scon-logo.svg","width":1,"height":1,"caption":"C\u00f4ng ty TNHH SCON - Fiber Optics"},"image":{"@id":"https:\/\/scon.com.vn\/vi\/#\/schema\/logo\/image\/"},"sameAs":["https:\/\/www.facebook.com\/scon.com.vn"]}]}},"_links":{"self":[{"href":"https:\/\/scon.com.vn\/vi\/wp-json\/wp\/v2\/product\/417","targetHints":{"allow":["GET"]}}],"collection":[{"href":"https:\/\/scon.com.vn\/vi\/wp-json\/wp\/v2\/product"}],"about":[{"href":"https:\/\/scon.com.vn\/vi\/wp-json\/wp\/v2\/types\/product"}],"wp:featuredmedia":[{"embeddable":true,"href":"https:\/\/scon.com.vn\/vi\/wp-json\/wp\/v2\/media\/420"}],"wp:attachment":[{"href":"https:\/\/scon.com.vn\/vi\/wp-json\/wp\/v2\/media?parent=417"}],"wp:term":[{"taxonomy":"product_brand","embeddable":true,"href":"https:\/\/scon.com.vn\/vi\/wp-json\/wp\/v2\/product_brand?post=417"},{"taxonomy":"product_cat","embeddable":true,"href":"https:\/\/scon.com.vn\/vi\/wp-json\/wp\/v2\/product_cat?post=417"},{"taxonomy":"product_tag","embeddable":true,"href":"https:\/\/scon.com.vn\/vi\/wp-json\/wp\/v2\/product_tag?post=417"}],"curies":[{"name":"wp","href":"https:\/\/api.w.org\/{rel}","templated":true}]}}