{"id":670,"date":"2023-05-30T15:18:48","date_gmt":"2023-05-30T08:18:48","guid":{"rendered":"https:\/\/scon.com.vn\/all-product\/plc-splitter\/"},"modified":"2024-06-17T09:01:16","modified_gmt":"2024-06-17T02:01:16","slug":"plc-splitter","status":"publish","type":"product","link":"https:\/\/scon.com.vn\/vi\/tat-ca-san-pham\/plc-splitter\/","title":{"rendered":"B\u1ed9 Chia T\u00edn Hi\u1ec7u Quang PLC"},"content":{"rendered":"<div class=\"container section-title-container\" ><h4 class=\"section-title section-title-normal\"><b><\/b><span class=\"section-title-main\" >M\u00d4 T\u1ea2<\/span><b><\/b><\/h4><\/div>\n<p>B\u1ed9 chia t\u00edn hi\u1ec7u quang AJW PLC Splitter \u0111\u01b0\u1ee3c thi\u1ebft k\u1ebf nh\u1eb1m ph\u00e2n chia \u0111\u1ed3ng nh\u1ea5t t\u00edn hi\u1ec7u quang cho c\u00e1c m\u1ea1ng quang n\u00e2ng cao. \u0110\u01b0\u1ee3c \u0111\u00f3ng g\u00f3i nh\u1ecf g\u1ecdn v\u00e0 thu\u1eadn ti\u1ec7n cho vi\u1ec7c qu\u1ea3n l\u00fd, s\u1eafp x\u1ebfp trong c\u00e1c m\u00f4-\u0111un quang v\u00e0 khay n\u1ed1i quang. Unconnectorized PLC splitter comes without connectors for easy splicing and connectorized PLC splitter comes with connectors for your choice.<\/p>\n","protected":false},"excerpt":{"rendered":"<hr \/>\n<p><i class=\"fa fa-download fa-lg\"><\/i> <a style=\"color: #0b486b;\" href=\"\/download\/plc-splitter\/Splitter.pdf\" target=\"_blank\" rel=\"noopener\"><strong>Th\u00f4ng s\u1ed1 k\u1ef9 thu\u1eadt<\/strong><\/a><\/p>\n<hr \/>\n<p><span style=\"font-size: 12px; font-family: helvetica, arial, sans-serif;\">T\u1ea5t c\u1ea3 c\u00e1c th\u00f4ng s\u1ed1 \u0111\u1ec1u tu\u00e2n th\u1ee7 ti\u00eau chu\u1ea9n RoHS Ch\u00e2u \u00c2u (2011\/65\/EU s\u1eeda \u0111\u1ed5i 2015\/863).<\/span><br \/>\n<span style=\"color: #ff6600; font-size: 12px;\"><strong>[PATENED]<\/strong><\/span><\/p>\n","protected":false},"featured_media":962,"template":"","meta":[],"product_brand":[],"product_cat":[204],"product_tag":[77,205],"class_list":{"0":"post-670","1":"product","2":"type-product","3":"status-publish","4":"has-post-thumbnail","6":"product_cat-cac-san-pham-khac","7":"product_tag-ajw","8":"product_tag-plc-splitter-vi","10":"first","11":"instock","12":"shipping-taxable","13":"product-type-simple"},"yoast_head":"<!-- This site is optimized with the Yoast SEO plugin v27.1.1 - https:\/\/yoast.com\/product\/yoast-seo-wordpress\/ -->\n<title>B\u1ed9 Chia T\u00edn Hi\u1ec7u Quang PLC - C\u00f4ng ty TNHH SCON - Fiber Optics<\/title>\n<meta name=\"description\" content=\"B\u1ed9 chia t\u00edn hi\u1ec7u quang AJW PLC Splitter \u0111\u01b0\u1ee3c thi\u1ebft k\u1ebf nh\u1eb1m ph\u00e2n chia \u0111\u1ed3ng nh\u1ea5t t\u00edn hi\u1ec7u quang cho c\u00e1c m\u1ea1ng quang n\u00e2ng cao.\" \/>\n<meta name=\"robots\" content=\"index, follow, max-snippet:-1, max-image-preview:large, max-video-preview:-1\" \/>\n<link rel=\"canonical\" href=\"https:\/\/scon.com.vn\/vi\/tat-ca-san-pham\/plc-splitter\/\" \/>\n<meta property=\"og:locale\" content=\"vi_VN\" \/>\n<meta property=\"og:type\" content=\"article\" \/>\n<meta property=\"og:title\" content=\"B\u1ed9 Chia T\u00edn Hi\u1ec7u Quang PLC - C\u00f4ng ty TNHH SCON - Fiber Optics\" \/>\n<meta property=\"og:description\" content=\"B\u1ed9 chia t\u00edn hi\u1ec7u quang AJW PLC Splitter \u0111\u01b0\u1ee3c thi\u1ebft k\u1ebf nh\u1eb1m ph\u00e2n chia \u0111\u1ed3ng nh\u1ea5t t\u00edn hi\u1ec7u quang cho c\u00e1c m\u1ea1ng quang n\u00e2ng cao.\" \/>\n<meta property=\"og:url\" content=\"https:\/\/scon.com.vn\/vi\/tat-ca-san-pham\/plc-splitter\/\" \/>\n<meta property=\"og:site_name\" content=\"C\u00f4ng ty TNHH SCON - Fiber Optics\" \/>\n<meta property=\"article:publisher\" content=\"https:\/\/www.facebook.com\/scon.com.vn\" \/>\n<meta property=\"article:modified_time\" content=\"2024-06-17T02:01:16+00:00\" \/>\n<meta property=\"og:image\" content=\"https:\/\/scon.com.vn\/wp-content\/uploads\/2024\/06\/SCON_Splitter.jpg\" \/>\n\t<meta property=\"og:image:width\" content=\"750\" \/>\n\t<meta property=\"og:image:height\" content=\"900\" \/>\n\t<meta property=\"og:image:type\" content=\"image\/jpeg\" \/>\n<meta name=\"twitter:card\" content=\"summary_large_image\" \/>\n<meta name=\"twitter:label1\" content=\"\u01af\u1edbc t\u00ednh th\u1eddi gian \u0111\u1ecdc\" \/>\n\t<meta name=\"twitter:data1\" content=\"1 ph\u00fat\" \/>\n<script type=\"application\/ld+json\" class=\"yoast-schema-graph\">{\"@context\":\"https:\/\/schema.org\",\"@graph\":[{\"@type\":\"WebPage\",\"@id\":\"https:\/\/scon.com.vn\/vi\/tat-ca-san-pham\/plc-splitter\/\",\"url\":\"https:\/\/scon.com.vn\/vi\/tat-ca-san-pham\/plc-splitter\/\",\"name\":\"B\u1ed9 Chia T\u00edn Hi\u1ec7u Quang PLC - C\u00f4ng ty TNHH SCON - Fiber Optics\",\"isPartOf\":{\"@id\":\"https:\/\/scon.com.vn\/vi\/#website\"},\"primaryImageOfPage\":{\"@id\":\"https:\/\/scon.com.vn\/vi\/tat-ca-san-pham\/plc-splitter\/#primaryimage\"},\"image\":{\"@id\":\"https:\/\/scon.com.vn\/vi\/tat-ca-san-pham\/plc-splitter\/#primaryimage\"},\"thumbnailUrl\":\"https:\/\/scon.com.vn\/wp-content\/uploads\/2024\/06\/SCON_Splitter.jpg\",\"datePublished\":\"2023-05-30T08:18:48+00:00\",\"dateModified\":\"2024-06-17T02:01:16+00:00\",\"description\":\"B\u1ed9 chia t\u00edn hi\u1ec7u quang AJW PLC Splitter \u0111\u01b0\u1ee3c thi\u1ebft k\u1ebf nh\u1eb1m ph\u00e2n chia \u0111\u1ed3ng nh\u1ea5t t\u00edn hi\u1ec7u quang cho c\u00e1c m\u1ea1ng quang n\u00e2ng cao.\",\"breadcrumb\":{\"@id\":\"https:\/\/scon.com.vn\/vi\/tat-ca-san-pham\/plc-splitter\/#breadcrumb\"},\"inLanguage\":\"vi\",\"potentialAction\":[{\"@type\":\"ReadAction\",\"target\":[\"https:\/\/scon.com.vn\/vi\/tat-ca-san-pham\/plc-splitter\/\"]}]},{\"@type\":\"ImageObject\",\"inLanguage\":\"vi\",\"@id\":\"https:\/\/scon.com.vn\/vi\/tat-ca-san-pham\/plc-splitter\/#primaryimage\",\"url\":\"https:\/\/scon.com.vn\/wp-content\/uploads\/2024\/06\/SCON_Splitter.jpg\",\"contentUrl\":\"https:\/\/scon.com.vn\/wp-content\/uploads\/2024\/06\/SCON_Splitter.jpg\",\"width\":750,\"height\":900},{\"@type\":\"BreadcrumbList\",\"@id\":\"https:\/\/scon.com.vn\/vi\/tat-ca-san-pham\/plc-splitter\/#breadcrumb\",\"itemListElement\":[{\"@type\":\"ListItem\",\"position\":1,\"name\":\"All Product\",\"item\":\"https:\/\/scon.com.vn\/en\/all-product\/\"},{\"@type\":\"ListItem\",\"position\":2,\"name\":\"B\u1ed9 Chia T\u00edn Hi\u1ec7u Quang PLC\"}]},{\"@type\":\"WebSite\",\"@id\":\"https:\/\/scon.com.vn\/vi\/#website\",\"url\":\"https:\/\/scon.com.vn\/vi\/\",\"name\":\"C\u00f4ng ty TNHH SCON - Fiber Optics\",\"description\":\"SCON\",\"publisher\":{\"@id\":\"https:\/\/scon.com.vn\/vi\/#organization\"},\"alternateName\":\"C\u00f4ng ty TNHH SCON - Fiber Optics\",\"potentialAction\":[{\"@type\":\"SearchAction\",\"target\":{\"@type\":\"EntryPoint\",\"urlTemplate\":\"https:\/\/scon.com.vn\/vi\/?s={search_term_string}\"},\"query-input\":{\"@type\":\"PropertyValueSpecification\",\"valueRequired\":true,\"valueName\":\"search_term_string\"}}],\"inLanguage\":\"vi\"},{\"@type\":\"Organization\",\"@id\":\"https:\/\/scon.com.vn\/vi\/#organization\",\"name\":\"C\u00f4ng ty TNHH SCON - Fiber Optics\",\"alternateName\":\"C\u00f4ng ty TNHH SCON - Fiber Optics\",\"url\":\"https:\/\/scon.com.vn\/vi\/\",\"logo\":{\"@type\":\"ImageObject\",\"inLanguage\":\"vi\",\"@id\":\"https:\/\/scon.com.vn\/vi\/#\/schema\/logo\/image\/\",\"url\":\"https:\/\/scon.com.vn\/wp-content\/uploads\/2022\/07\/scon-logo.svg\",\"contentUrl\":\"https:\/\/scon.com.vn\/wp-content\/uploads\/2022\/07\/scon-logo.svg\",\"width\":1,\"height\":1,\"caption\":\"C\u00f4ng ty TNHH SCON - Fiber Optics\"},\"image\":{\"@id\":\"https:\/\/scon.com.vn\/vi\/#\/schema\/logo\/image\/\"},\"sameAs\":[\"https:\/\/www.facebook.com\/scon.com.vn\"]}]}<\/script>\n<!-- \/ Yoast SEO plugin. -->","yoast_head_json":{"title":"B\u1ed9 Chia T\u00edn Hi\u1ec7u Quang PLC - C\u00f4ng ty TNHH SCON - Fiber Optics","description":"B\u1ed9 chia t\u00edn hi\u1ec7u quang AJW PLC Splitter \u0111\u01b0\u1ee3c thi\u1ebft k\u1ebf nh\u1eb1m ph\u00e2n chia \u0111\u1ed3ng nh\u1ea5t t\u00edn hi\u1ec7u quang cho c\u00e1c m\u1ea1ng quang n\u00e2ng cao.","robots":{"index":"index","follow":"follow","max-snippet":"max-snippet:-1","max-image-preview":"max-image-preview:large","max-video-preview":"max-video-preview:-1"},"canonical":"https:\/\/scon.com.vn\/vi\/tat-ca-san-pham\/plc-splitter\/","og_locale":"vi_VN","og_type":"article","og_title":"B\u1ed9 Chia T\u00edn Hi\u1ec7u Quang PLC - C\u00f4ng ty TNHH SCON - Fiber Optics","og_description":"B\u1ed9 chia t\u00edn hi\u1ec7u quang AJW PLC Splitter \u0111\u01b0\u1ee3c thi\u1ebft k\u1ebf nh\u1eb1m ph\u00e2n chia \u0111\u1ed3ng nh\u1ea5t t\u00edn hi\u1ec7u quang cho c\u00e1c m\u1ea1ng quang n\u00e2ng cao.","og_url":"https:\/\/scon.com.vn\/vi\/tat-ca-san-pham\/plc-splitter\/","og_site_name":"C\u00f4ng ty TNHH SCON - Fiber Optics","article_publisher":"https:\/\/www.facebook.com\/scon.com.vn","article_modified_time":"2024-06-17T02:01:16+00:00","og_image":[{"width":750,"height":900,"url":"https:\/\/scon.com.vn\/wp-content\/uploads\/2024\/06\/SCON_Splitter.jpg","type":"image\/jpeg"}],"twitter_card":"summary_large_image","twitter_misc":{"\u01af\u1edbc t\u00ednh th\u1eddi gian \u0111\u1ecdc":"1 ph\u00fat"},"schema":{"@context":"https:\/\/schema.org","@graph":[{"@type":"WebPage","@id":"https:\/\/scon.com.vn\/vi\/tat-ca-san-pham\/plc-splitter\/","url":"https:\/\/scon.com.vn\/vi\/tat-ca-san-pham\/plc-splitter\/","name":"B\u1ed9 Chia T\u00edn Hi\u1ec7u Quang PLC - C\u00f4ng ty TNHH SCON - Fiber Optics","isPartOf":{"@id":"https:\/\/scon.com.vn\/vi\/#website"},"primaryImageOfPage":{"@id":"https:\/\/scon.com.vn\/vi\/tat-ca-san-pham\/plc-splitter\/#primaryimage"},"image":{"@id":"https:\/\/scon.com.vn\/vi\/tat-ca-san-pham\/plc-splitter\/#primaryimage"},"thumbnailUrl":"https:\/\/scon.com.vn\/wp-content\/uploads\/2024\/06\/SCON_Splitter.jpg","datePublished":"2023-05-30T08:18:48+00:00","dateModified":"2024-06-17T02:01:16+00:00","description":"B\u1ed9 chia t\u00edn hi\u1ec7u quang AJW PLC Splitter \u0111\u01b0\u1ee3c thi\u1ebft k\u1ebf nh\u1eb1m ph\u00e2n chia \u0111\u1ed3ng nh\u1ea5t t\u00edn hi\u1ec7u quang cho c\u00e1c m\u1ea1ng quang n\u00e2ng cao.","breadcrumb":{"@id":"https:\/\/scon.com.vn\/vi\/tat-ca-san-pham\/plc-splitter\/#breadcrumb"},"inLanguage":"vi","potentialAction":[{"@type":"ReadAction","target":["https:\/\/scon.com.vn\/vi\/tat-ca-san-pham\/plc-splitter\/"]}]},{"@type":"ImageObject","inLanguage":"vi","@id":"https:\/\/scon.com.vn\/vi\/tat-ca-san-pham\/plc-splitter\/#primaryimage","url":"https:\/\/scon.com.vn\/wp-content\/uploads\/2024\/06\/SCON_Splitter.jpg","contentUrl":"https:\/\/scon.com.vn\/wp-content\/uploads\/2024\/06\/SCON_Splitter.jpg","width":750,"height":900},{"@type":"BreadcrumbList","@id":"https:\/\/scon.com.vn\/vi\/tat-ca-san-pham\/plc-splitter\/#breadcrumb","itemListElement":[{"@type":"ListItem","position":1,"name":"All Product","item":"https:\/\/scon.com.vn\/en\/all-product\/"},{"@type":"ListItem","position":2,"name":"B\u1ed9 Chia T\u00edn Hi\u1ec7u Quang PLC"}]},{"@type":"WebSite","@id":"https:\/\/scon.com.vn\/vi\/#website","url":"https:\/\/scon.com.vn\/vi\/","name":"C\u00f4ng ty TNHH SCON - Fiber Optics","description":"SCON","publisher":{"@id":"https:\/\/scon.com.vn\/vi\/#organization"},"alternateName":"C\u00f4ng ty TNHH SCON - Fiber Optics","potentialAction":[{"@type":"SearchAction","target":{"@type":"EntryPoint","urlTemplate":"https:\/\/scon.com.vn\/vi\/?s={search_term_string}"},"query-input":{"@type":"PropertyValueSpecification","valueRequired":true,"valueName":"search_term_string"}}],"inLanguage":"vi"},{"@type":"Organization","@id":"https:\/\/scon.com.vn\/vi\/#organization","name":"C\u00f4ng ty TNHH SCON - Fiber Optics","alternateName":"C\u00f4ng ty TNHH SCON - Fiber Optics","url":"https:\/\/scon.com.vn\/vi\/","logo":{"@type":"ImageObject","inLanguage":"vi","@id":"https:\/\/scon.com.vn\/vi\/#\/schema\/logo\/image\/","url":"https:\/\/scon.com.vn\/wp-content\/uploads\/2022\/07\/scon-logo.svg","contentUrl":"https:\/\/scon.com.vn\/wp-content\/uploads\/2022\/07\/scon-logo.svg","width":1,"height":1,"caption":"C\u00f4ng ty TNHH SCON - Fiber Optics"},"image":{"@id":"https:\/\/scon.com.vn\/vi\/#\/schema\/logo\/image\/"},"sameAs":["https:\/\/www.facebook.com\/scon.com.vn"]}]}},"_links":{"self":[{"href":"https:\/\/scon.com.vn\/vi\/wp-json\/wp\/v2\/product\/670","targetHints":{"allow":["GET"]}}],"collection":[{"href":"https:\/\/scon.com.vn\/vi\/wp-json\/wp\/v2\/product"}],"about":[{"href":"https:\/\/scon.com.vn\/vi\/wp-json\/wp\/v2\/types\/product"}],"wp:featuredmedia":[{"embeddable":true,"href":"https:\/\/scon.com.vn\/vi\/wp-json\/wp\/v2\/media\/962"}],"wp:attachment":[{"href":"https:\/\/scon.com.vn\/vi\/wp-json\/wp\/v2\/media?parent=670"}],"wp:term":[{"taxonomy":"product_brand","embeddable":true,"href":"https:\/\/scon.com.vn\/vi\/wp-json\/wp\/v2\/product_brand?post=670"},{"taxonomy":"product_cat","embeddable":true,"href":"https:\/\/scon.com.vn\/vi\/wp-json\/wp\/v2\/product_cat?post=670"},{"taxonomy":"product_tag","embeddable":true,"href":"https:\/\/scon.com.vn\/vi\/wp-json\/wp\/v2\/product_tag?post=670"}],"curies":[{"name":"wp","href":"https:\/\/api.w.org\/{rel}","templated":true}]}}